{"id":4820,"date":"2025-07-19T11:52:45","date_gmt":"2025-07-19T09:52:45","guid":{"rendered":"https:\/\/oktoberfestrun.sk\/kupon-podarunkowy\/"},"modified":"2025-07-19T12:42:39","modified_gmt":"2025-07-19T10:42:39","slug":"kupon-podarunkowy","status":"publish","type":"page","link":"https:\/\/oktoberfestrun.sk\/pl\/kupon-podarunkowy\/","title":{"rendered":"Kupon podarunkowy"},"content":{"rendered":"\t\t<div data-elementor-type=\"wp-post\" data-elementor-id=\"4820\" class=\"elementor elementor-4820 elementor-4809\" data-elementor-post-type=\"page\">\n\t\t\t\t\t\t<section class=\"elementor-section elementor-top-section elementor-element elementor-element-0ebde46 elementor-section-full_width elementor-section-height-default elementor-section-height-default\" data-id=\"0ebde46\" data-element_type=\"section\" data-e-type=\"section\" data-settings=\"{&quot;jet_parallax_layout_list&quot;:[{&quot;jet_parallax_layout_image&quot;:{&quot;url&quot;:&quot;&quot;,&quot;id&quot;:&quot;&quot;,&quot;size&quot;:&quot;&quot;},&quot;_id&quot;:&quot;e9ac418&quot;,&quot;jet_parallax_layout_image_tablet&quot;:{&quot;url&quot;:&quot;&quot;,&quot;id&quot;:&quot;&quot;,&quot;size&quot;:&quot;&quot;},&quot;jet_parallax_layout_image_mobile&quot;:{&quot;url&quot;:&quot;&quot;,&quot;id&quot;:&quot;&quot;,&quot;size&quot;:&quot;&quot;},&quot;jet_parallax_layout_speed&quot;:{&quot;unit&quot;:&quot;%&quot;,&quot;size&quot;:50,&quot;sizes&quot;:[]},&quot;jet_parallax_layout_type&quot;:&quot;scroll&quot;,&quot;jet_parallax_layout_direction&quot;:&quot;1&quot;,&quot;jet_parallax_layout_fx_direction&quot;:null,&quot;jet_parallax_layout_z_index&quot;:&quot;&quot;,&quot;jet_parallax_layout_bg_x&quot;:50,&quot;jet_parallax_layout_bg_x_tablet&quot;:&quot;&quot;,&quot;jet_parallax_layout_bg_x_mobile&quot;:&quot;&quot;,&quot;jet_parallax_layout_bg_y&quot;:50,&quot;jet_parallax_layout_bg_y_tablet&quot;:&quot;&quot;,&quot;jet_parallax_layout_bg_y_mobile&quot;:&quot;&quot;,&quot;jet_parallax_layout_bg_size&quot;:&quot;auto&quot;,&quot;jet_parallax_layout_bg_size_tablet&quot;:&quot;&quot;,&quot;jet_parallax_layout_bg_size_mobile&quot;:&quot;&quot;,&quot;jet_parallax_layout_animation_prop&quot;:&quot;transform&quot;,&quot;jet_parallax_layout_on&quot;:[&quot;desktop&quot;,&quot;tablet&quot;]}]}\">\n\t\t\t\t\t\t<div class=\"elementor-container elementor-column-gap-default\">\n\t\t\t\t\t<div class=\"elementor-column elementor-col-100 elementor-top-column elementor-element elementor-element-84b7b1e\" data-id=\"84b7b1e\" data-element_type=\"column\" data-e-type=\"column\" data-settings=\"{&quot;background_background&quot;:&quot;classic&quot;}\">\n\t\t\t<div class=\"elementor-widget-wrap elementor-element-populated\">\n\t\t\t\t\t\t<div class=\"elementor-element elementor-element-e165c5c elementor-hidden-mobile elementor-widget elementor-widget-heading\" data-id=\"e165c5c\" data-element_type=\"widget\" data-e-type=\"widget\" data-widget_type=\"heading.default\">\n\t\t\t\t<div class=\"elementor-widget-container\">\n\t\t\t\t\t<h2 class=\"elementor-heading-title elementor-size-default\">JAK KUPI\u0106 BON PODARUNKOWY?<\/h2>\t\t\t\t<\/div>\n\t\t\t\t<\/div>\n\t\t<div class=\"elementor-element elementor-element-63afdcf e-flex e-con-boxed e-con e-parent\" data-id=\"63afdcf\" data-element_type=\"container\" data-e-type=\"container\" data-settings=\"{&quot;jet_parallax_layout_list&quot;:[]}\">\n\t\t\t\t\t<div class=\"e-con-inner\">\n\t\t\t\t<div class=\"elementor-element elementor-element-4a777a0 elementor-widget elementor-widget-text-editor\" data-id=\"4a777a0\" data-element_type=\"widget\" data-e-type=\"widget\" data-widget_type=\"text-editor.default\">\n\t\t\t\t<div class=\"elementor-widget-container\">\n\t\t\t\t\t\t\t\t\t<h3 data-start=\"318\" data-end=\"356\">1. <strong data-start=\"325\" data-end=\"356\">Przejd\u017a do strony darowizny<\/strong><\/h3>\n<p data-start=\"357\" data-end=\"464\">Kliknij przycisk &#8222;Kup bon podarunkowy&#8221;, kt\u00f3ry przekieruje Ci\u0119 do naszego oficjalnego formularza na stronie DARUJME.sk.<\/p>\n<h3 data-start=\"471\" data-end=\"503\">2. <strong data-start=\"478\" data-end=\"503\">Wpisz kwot\u0119 wp\u0142aty<\/strong><\/h3>\n<ul data-start=\"504\" data-end=\"754\">\n<li data-start=\"504\" data-end=\"754\">\n<p data-start=\"506\" data-end=\"578\">Wprowad\u017a kwot\u0119 odpowiadaj\u0105c\u0105 podstawowej op\u0142acie startowej dla wybranej dyscypliny:<\/p>\n<ul data-start=\"581\" data-end=\"754\">\n<li data-start=\"581\" data-end=\"609\">\n<p data-start=\"583\" data-end=\"609\"><strong data-start=\"583\" data-end=\"597\">P\u00f3\u0142maraton<\/strong> &#8211; 30 \u20ac<\/p>\n<\/li>\n<li data-start=\"581\" data-end=\"609\">\n<p data-start=\"583\" data-end=\"609\"><strong data-start=\"614\" data-end=\"635\">Sztafeta (dru\u017cyna &#8211; 3 biegaczy)<\/strong> &#8211; 55 \u20ac<\/p>\n<\/li>\n<li data-start=\"650\" data-end=\"710\">\n<p data-start=\"652\" data-end=\"710\"><strong data-start=\"652\" data-end=\"691\">Family &amp; Senior Run (indywidualny\/rodzinny)<\/strong> &#8211; 10 \u20ac \/ 25 \u20ac<\/p>\n<\/li>\n<li data-start=\"713\" data-end=\"754\">\n<p data-start=\"715\" data-end=\"754\"><strong data-start=\"715\" data-end=\"742\">Bieg charytatywny dla Olivera<\/strong> &#8211; 20 \u20ac<\/p>\n<\/li>\n<\/ul>\n<\/li>\n<\/ul>\n<p data-start=\"756\" data-end=\"837\"><em data-start=\"759\" data-end=\"799\">Chcesz otrzyma\u0107 koszulk\u0119 lub czapk\u0119?<\/em><br data-start=\"799\" data-end=\"802\">Przeka\u017c <strong data-start=\"809\" data-end=\"834\">dodatkow\u0105 dobrowoln\u0105 darowizn\u0119<\/strong>:<\/p>\n<ul data-start=\"838\" data-end=\"898\">\n<li data-start=\"838\" data-end=\"863\">\n<p data-start=\"840\" data-end=\"863\">od <strong data-start=\"843\" data-end=\"852\">+30 \u20ac<\/strong> &#8211; koszulka<\/p>\n<\/li>\n<li data-start=\"864\" data-end=\"898\">\n<p data-start=\"866\" data-end=\"898\">od <strong data-start=\"869\" data-end=\"878\">+50 \u20ac<\/strong> &#8211; koszulka + czapka<\/p>\n<\/li>\n<\/ul>\n<h3 data-start=\"905\" data-end=\"964\">3. <strong data-start=\"912\" data-end=\"964\">Zaznacz opcj\u0119 &#8222;Jestem zainteresowany bonem podarunkowym&#8221;.<\/strong><\/h3>\n<p data-start=\"965\" data-end=\"1076\">Dzi\u0119ki temu b\u0119dziemy wiedzie\u0107, \u017ce darowizna nie jest przeznaczona wy\u0142\u0105cznie na wsparcie, ale \u017ce jeste\u015b zainteresowany konkretnym <strong data-start=\"1046\" data-end=\"1075\">bonem podarunkowym.<\/strong><\/p>\n<h3 data-start=\"1083\" data-end=\"1131\">4. <strong data-start=\"1090\" data-end=\"1131\">Wybierz dyscyplin\u0119, kt\u00f3r\u0105 chcesz przekaza\u0107<\/strong><\/h3>\n<p data-start=\"1132\" data-end=\"1191\">Wybierz jedn\u0105 z dyscyplin z listy rozwijanej:<\/p>\n<ul data-start=\"1192\" data-end=\"1262\">\n<li data-start=\"1192\" data-end=\"1204\">\n<p data-start=\"1194\" data-end=\"1204\">P\u00f3\u0142maraton<\/p>\n<\/li>\n<li data-start=\"1205\" data-end=\"1214\">\n<p data-start=\"1207\" data-end=\"1214\">Przeka\u017anik<\/p>\n<\/li>\n<li data-start=\"1215\" data-end=\"1236\">\n<p data-start=\"1217\" data-end=\"1236\">Bieg rodzinny i dla senior\u00f3w<\/p>\n<\/li>\n<li data-start=\"1237\" data-end=\"1262\">\n<p data-start=\"1239\" data-end=\"1262\">Bieg charytatywny dla Olivera<\/p>\n<\/li>\n<\/ul>\n<h3 data-start=\"1269\" data-end=\"1301\">5. <strong data-start=\"1276\" data-end=\"1301\">Wype\u0142nij dane kontaktowe<\/strong><\/h3>\n<p data-start=\"1302\" data-end=\"1382\">Wpisz swoje imi\u0119 i nazwisko, adres e-mail i notatk\u0119 &#8211; na przyk\u0142ad komu chcesz podarowa\u0107 voucher (opcjonalnie).<\/p>\n<h3 data-start=\"1389\" data-end=\"1414\">6. <strong data-start=\"1396\" data-end=\"1414\">Dokona\u0107 p\u0142atno\u015bci<\/strong><\/h3>\n<p data-start=\"1415\" data-end=\"1522\">Mo\u017cesz zap\u0142aci\u0107 <strong data-start=\"1430\" data-end=\"1440\">kart\u0105<\/strong> lub za pomoc\u0105 <strong data-start=\"1451\" data-end=\"1471\">Google\/Apple Pay<\/strong>. Po pomy\u015blnym dokonaniu p\u0142atno\u015bci otrzymasz potwierdzenie e-mailem. <\/p>\n<h3 data-start=\"1529\" data-end=\"1572\">7. <strong data-start=\"1536\" data-end=\"1572\">Otrzymanie bonu upominkowego poczt\u0105 elektroniczn\u0105<\/strong><\/h3>\n<p data-start=\"1573\" data-end=\"1699\">Po przetworzeniu wy\u015blemy Ci spersonalizowany <strong data-start=\"1614\" data-end=\"1653\">elektroniczny kupon upominkowy (PDF)<\/strong>, kt\u00f3ry mo\u017cesz podarowa\u0107 bliskiej osobie lub wsp\u00f3\u0142pracownikowi.<\/p>\n<p data-start=\"1706\" data-end=\"1842\">Nagrody (koszulki i czapeczki) zostan\u0105 odebrane przez odbiorc\u0119 podczas prezentacji biegaczy. 19. &#8211; 20. 09. 2025 lub wy\u015blemy mu je poczt\u0105 po wydarzeniu. <\/p>\n\t\t\t\t\t\t\t\t<\/div>\n\t\t\t\t<\/div>\n\t\t\t\t\t<\/div>\n\t\t\t\t<\/div>\n\t\t\t\t\t<\/div>\n\t\t<\/div>\n\t\t\t\t\t<\/div>\n\t\t<\/section>\n\t\t\t\t<section class=\"elementor-section elementor-top-section elementor-element elementor-element-e071382 elementor-section-boxed elementor-section-height-default elementor-section-height-default\" data-id=\"e071382\" data-element_type=\"section\" data-e-type=\"section\" data-settings=\"{&quot;jet_parallax_layout_list&quot;:[{&quot;_id&quot;:&quot;99336a8&quot;,&quot;jet_parallax_layout_speed&quot;:{&quot;unit&quot;:&quot;%&quot;,&quot;size&quot;:&quot;&quot;,&quot;sizes&quot;:[]},&quot;jet_parallax_layout_bg_x&quot;:0,&quot;jet_parallax_layout_bg_y&quot;:0,&quot;jet_parallax_layout_bg_size&quot;:&quot;cover&quot;,&quot;jet_parallax_layout_animation_prop&quot;:&quot;bgposition&quot;,&quot;jet_parallax_layout_image&quot;:{&quot;url&quot;:&quot;&quot;,&quot;id&quot;:&quot;&quot;,&quot;size&quot;:&quot;&quot;},&quot;jet_parallax_layout_image_tablet&quot;:{&quot;url&quot;:&quot;&quot;,&quot;id&quot;:&quot;&quot;,&quot;size&quot;:&quot;&quot;},&quot;jet_parallax_layout_image_mobile&quot;:{&quot;url&quot;:&quot;&quot;,&quot;id&quot;:&quot;&quot;,&quot;size&quot;:&quot;&quot;},&quot;jet_parallax_layout_type&quot;:&quot;scroll&quot;,&quot;jet_parallax_layout_direction&quot;:&quot;1&quot;,&quot;jet_parallax_layout_fx_direction&quot;:null,&quot;jet_parallax_layout_z_index&quot;:&quot;&quot;,&quot;jet_parallax_layout_bg_x_tablet&quot;:&quot;&quot;,&quot;jet_parallax_layout_bg_x_mobile&quot;:&quot;&quot;,&quot;jet_parallax_layout_bg_y_tablet&quot;:&quot;&quot;,&quot;jet_parallax_layout_bg_y_mobile&quot;:&quot;&quot;,&quot;jet_parallax_layout_bg_size_tablet&quot;:&quot;&quot;,&quot;jet_parallax_layout_bg_size_mobile&quot;:&quot;&quot;,&quot;jet_parallax_layout_on&quot;:[&quot;desktop&quot;,&quot;tablet&quot;]}],&quot;background_background&quot;:&quot;classic&quot;}\">\n\t\t\t\t\t\t<div class=\"elementor-container elementor-column-gap-default\">\n\t\t\t\t\t<div class=\"elementor-column elementor-col-100 elementor-top-column elementor-element elementor-element-749b116\" data-id=\"749b116\" data-element_type=\"column\" data-e-type=\"column\">\n\t\t\t<div class=\"elementor-widget-wrap elementor-element-populated\">\n\t\t\t\t\t\t<div class=\"elementor-element elementor-element-a7fff23 elementor-widget__width-initial elementor-widget elementor-widget-heading\" data-id=\"a7fff23\" data-element_type=\"widget\" data-e-type=\"widget\" data-widget_type=\"heading.default\">\n\t\t\t\t<div class=\"elementor-widget-container\">\n\t\t\t\t\t<h1 class=\"elementor-heading-title elementor-size-default\"><strong data-start=\"213\" data-end=\"254\">Zakup kupon podarunkowy na op\u0142at\u0119 startow\u0105<\/strong><\/h1>\t\t\t\t<\/div>\n\t\t\t\t<\/div>\n\t\t\t\t<div class=\"elementor-element elementor-element-c17f8a1 elementor-widget__width-initial elementor-widget elementor-widget-text-editor\" data-id=\"c17f8a1\" data-element_type=\"widget\" data-e-type=\"widget\" data-widget_type=\"text-editor.default\">\n\t\t\t\t<div class=\"elementor-widget-container\">\n\t\t\t\t\t\t\t\t\t<p>Podaruj oryginalne sportowe prze\u017cycie! Wybierz dyscyplin\u0119, kwot\u0119 i zachwy\u0107 blisk\u0105 osob\u0119 prezentem, kt\u00f3ry zabierze j\u0105 bezpo\u015brednio na start Oktoberfest Run Nitra 2025. <\/p>\n\t\t\t\t\t\t\t\t<\/div>\n\t\t\t\t<\/div>\n\t\t\t\t<div class=\"elementor-element elementor-element-fc41fe1 elementor-align-center elementor-widget elementor-widget-button\" data-id=\"fc41fe1\" data-element_type=\"widget\" data-e-type=\"widget\" data-widget_type=\"button.default\">\n\t\t\t\t<div class=\"elementor-widget-container\">\n\t\t\t\t\t\t\t\t\t<div class=\"elementor-button-wrapper\">\n\t\t\t\t\t<a class=\"elementor-button elementor-button-link elementor-size-sm\" href=\"https:\/\/jednoducho.darujme.sk\/oktoberfest-run-nitra-2025-virtualny-beh\/?referral_tag_id=d1c908c4-1834-4984-b34c-84b00f923cff\" target=\"_blank\">\n\t\t\t\t\t\t<span class=\"elementor-button-content-wrapper\">\n\t\t\t\t\t\t\t\t\t<span class=\"elementor-button-text\">Przejd\u017a do zakupu<\/span>\n\t\t\t\t\t<\/span>\n\t\t\t\t\t<\/a>\n\t\t\t\t<\/div>\n\t\t\t\t\t\t\t\t<\/div>\n\t\t\t\t<\/div>\n\t\t\t\t\t<\/div>\n\t\t<\/div>\n\t\t\t\t\t<\/div>\n\t\t<\/section>\n\t\t\t\t<section class=\"elementor-section elementor-top-section elementor-element elementor-element-7c09cf4 elementor-section-full_width elementor-section-height-default elementor-section-height-default\" data-id=\"7c09cf4\" data-element_type=\"section\" data-e-type=\"section\" data-settings=\"{&quot;jet_parallax_layout_list&quot;:[{&quot;jet_parallax_layout_image&quot;:{&quot;url&quot;:&quot;&quot;,&quot;id&quot;:&quot;&quot;,&quot;size&quot;:&quot;&quot;},&quot;_id&quot;:&quot;e9ac418&quot;,&quot;jet_parallax_layout_image_tablet&quot;:{&quot;url&quot;:&quot;&quot;,&quot;id&quot;:&quot;&quot;,&quot;size&quot;:&quot;&quot;},&quot;jet_parallax_layout_image_mobile&quot;:{&quot;url&quot;:&quot;&quot;,&quot;id&quot;:&quot;&quot;,&quot;size&quot;:&quot;&quot;},&quot;jet_parallax_layout_speed&quot;:{&quot;unit&quot;:&quot;%&quot;,&quot;size&quot;:50,&quot;sizes&quot;:[]},&quot;jet_parallax_layout_type&quot;:&quot;scroll&quot;,&quot;jet_parallax_layout_direction&quot;:&quot;1&quot;,&quot;jet_parallax_layout_fx_direction&quot;:null,&quot;jet_parallax_layout_z_index&quot;:&quot;&quot;,&quot;jet_parallax_layout_bg_x&quot;:50,&quot;jet_parallax_layout_bg_x_tablet&quot;:&quot;&quot;,&quot;jet_parallax_layout_bg_x_mobile&quot;:&quot;&quot;,&quot;jet_parallax_layout_bg_y&quot;:50,&quot;jet_parallax_layout_bg_y_tablet&quot;:&quot;&quot;,&quot;jet_parallax_layout_bg_y_mobile&quot;:&quot;&quot;,&quot;jet_parallax_layout_bg_size&quot;:&quot;auto&quot;,&quot;jet_parallax_layout_bg_size_tablet&quot;:&quot;&quot;,&quot;jet_parallax_layout_bg_size_mobile&quot;:&quot;&quot;,&quot;jet_parallax_layout_animation_prop&quot;:&quot;transform&quot;,&quot;jet_parallax_layout_on&quot;:[&quot;desktop&quot;,&quot;tablet&quot;]}]}\">\n\t\t\t\t\t\t<div class=\"elementor-container elementor-column-gap-default\">\n\t\t\t\t\t<div class=\"elementor-column elementor-col-100 elementor-top-column elementor-element elementor-element-6367c2b\" data-id=\"6367c2b\" data-element_type=\"column\" data-e-type=\"column\" data-settings=\"{&quot;background_background&quot;:&quot;classic&quot;}\">\n\t\t\t<div class=\"elementor-widget-wrap elementor-element-populated\">\n\t\t\t\t\t\t<div class=\"elementor-element elementor-element-49b4218 elementor-widget elementor-widget-jet-countdown-timer\" data-id=\"49b4218\" data-element_type=\"widget\" data-e-type=\"widget\" data-widget_type=\"jet-countdown-timer.default\">\n\t\t\t\t<div class=\"elementor-widget-container\">\n\t\t\t\t\t<div class=\"elementor-jet-countdown-timer jet-elements\">\n<div class=\"jet-countdown-timer\" data-type=\"due_date\" data-due-date=\"1758355200\">\n\t<div class=\"jet-countdown-timer__item item-days\">\n\t<div class=\"jet-countdown-timer__item-value\" data-value=\"days\"><span class=\"jet-countdown-timer__digit\">0<\/span><span class=\"jet-countdown-timer__digit\">0<\/span><\/div>\n\t<div class=\"jet-countdown-timer__item-label\">Dni<\/div><\/div>\n\t<div class=\"jet-countdown-timer__item item-hours\">\n\t<div class=\"jet-countdown-timer__item-value\" data-value=\"hours\"><span class=\"jet-countdown-timer__digit\">0<\/span><span class=\"jet-countdown-timer__digit\">0<\/span><\/div>\n\t<div class=\"jet-countdown-timer__item-label\">Godziny<\/div><\/div>\n\t<div class=\"jet-countdown-timer__item item-minutes\">\n\t<div class=\"jet-countdown-timer__item-value\" data-value=\"minutes\"><span class=\"jet-countdown-timer__digit\">0<\/span><span class=\"jet-countdown-timer__digit\">0<\/span><\/div>\n\t<div class=\"jet-countdown-timer__item-label\">Protok\u00f3\u0142<\/div><\/div>\n\t<div class=\"jet-countdown-timer__item item-seconds\">\n\t<div class=\"jet-countdown-timer__item-value\" data-value=\"seconds\"><span class=\"jet-countdown-timer__digit\">0<\/span><span class=\"jet-countdown-timer__digit\">0<\/span><\/div>\n\t<div class=\"jet-countdown-timer__item-label\">Sekundy<\/div><\/div>\n<\/div>\n\n<\/div>\t\t\t\t<\/div>\n\t\t\t\t<\/div>\n\t\t\t\t\t<\/div>\n\t\t<\/div>\n\t\t\t\t\t<\/div>\n\t\t<\/section>\n\t\t\t\t<\/div>\n\t\t","protected":false},"excerpt":{"rendered":"<p>JAK KUPI\u0106 BON PODARUNKOWY? 1. Przejd\u017a do strony darowizny Kliknij przycisk &#8222;Kup bon podarunkowy&#8221;, kt\u00f3ry przekieruje Ci\u0119 do naszego oficjalnego [&hellip;]<\/p>\n","protected":false},"author":1,"featured_media":0,"parent":0,"menu_order":0,"comment_status":"closed","ping_status":"closed","template":"elementor_header_footer","meta":{"_acf_changed":false,"site-sidebar-layout":"default","site-content-layout":"","ast-site-content-layout":"default","site-content-style":"default","site-sidebar-style":"default","ast-global-header-display":"","ast-banner-title-visibility":"","ast-main-header-display":"","ast-hfb-above-header-display":"","ast-hfb-below-header-display":"","ast-hfb-mobile-header-display":"","site-post-title":"","ast-breadcrumbs-content":"","ast-featured-img":"","footer-sml-layout":"","ast-disable-related-posts":"","theme-transparent-header-meta":"","adv-header-id-meta":"","stick-header-meta":"","header-above-stick-meta":"","header-main-stick-meta":"","header-below-stick-meta":"","astra-migrate-meta-layouts":"default","ast-page-background-enabled":"default","ast-page-background-meta":{"desktop":{"background-color":"var(--ast-global-color-5)","background-image":"","background-repeat":"repeat","background-position":"center center","background-size":"auto","background-attachment":"scroll","background-type":"","background-media":"","overlay-type":"","overlay-color":"","overlay-opacity":"","overlay-gradient":""},"tablet":{"background-color":"","background-image":"","background-repeat":"repeat","background-position":"center center","background-size":"auto","background-attachment":"scroll","background-type":"","background-media":"","overlay-type":"","overlay-color":"","overlay-opacity":"","overlay-gradient":""},"mobile":{"background-color":"","background-image":"","background-repeat":"repeat","background-position":"center center","background-size":"auto","background-attachment":"scroll","background-type":"","background-media":"","overlay-type":"","overlay-color":"","overlay-opacity":"","overlay-gradient":""}},"ast-content-background-meta":{"desktop":{"background-color":"var(--ast-global-color-4)","background-image":"","background-repeat":"repeat","background-position":"center center","background-size":"auto","background-attachment":"scroll","background-type":"","background-media":"","overlay-type":"","overlay-color":"","overlay-opacity":"","overlay-gradient":""},"tablet":{"background-color":"var(--ast-global-color-4)","background-image":"","background-repeat":"repeat","background-position":"center center","background-size":"auto","background-attachment":"scroll","background-type":"","background-media":"","overlay-type":"","overlay-color":"","overlay-opacity":"","overlay-gradient":""},"mobile":{"background-color":"var(--ast-global-color-4)","background-image":"","background-repeat":"repeat","background-position":"center center","background-size":"auto","background-attachment":"scroll","background-type":"","background-media":"","overlay-type":"","overlay-color":"","overlay-opacity":"","overlay-gradient":""}},"advanced_seo_description":"","jetpack_seo_html_title":"","jetpack_seo_noindex":false,"footnotes":""},"class_list":["post-4820","page","type-page","status-publish","hentry"],"acf":[],"jetpack_sharing_enabled":true,"_links":{"self":[{"href":"https:\/\/oktoberfestrun.sk\/pl\/wp-json\/wp\/v2\/pages\/4820","targetHints":{"allow":["GET"]}}],"collection":[{"href":"https:\/\/oktoberfestrun.sk\/pl\/wp-json\/wp\/v2\/pages"}],"about":[{"href":"https:\/\/oktoberfestrun.sk\/pl\/wp-json\/wp\/v2\/types\/page"}],"author":[{"embeddable":true,"href":"https:\/\/oktoberfestrun.sk\/pl\/wp-json\/wp\/v2\/users\/1"}],"replies":[{"embeddable":true,"href":"https:\/\/oktoberfestrun.sk\/pl\/wp-json\/wp\/v2\/comments?post=4820"}],"version-history":[{"count":6,"href":"https:\/\/oktoberfestrun.sk\/pl\/wp-json\/wp\/v2\/pages\/4820\/revisions"}],"predecessor-version":[{"id":4880,"href":"https:\/\/oktoberfestrun.sk\/pl\/wp-json\/wp\/v2\/pages\/4820\/revisions\/4880"}],"wp:attachment":[{"href":"https:\/\/oktoberfestrun.sk\/pl\/wp-json\/wp\/v2\/media?parent=4820"}],"curies":[{"name":"wp","href":"https:\/\/api.w.org\/{rel}","templated":true}]}}