{"id":4815,"date":"2025-07-19T11:52:45","date_gmt":"2025-07-19T09:52:45","guid":{"rendered":"https:\/\/oktoberfestrun.sk\/ajandekutalvany\/"},"modified":"2025-07-19T12:42:39","modified_gmt":"2025-07-19T10:42:39","slug":"ajandekutalvany","status":"publish","type":"page","link":"https:\/\/oktoberfestrun.sk\/hu\/ajandekutalvany\/","title":{"rendered":"Aj\u00e1nd\u00e9kutalv\u00e1ny"},"content":{"rendered":"\t\t<div data-elementor-type=\"wp-post\" data-elementor-id=\"4815\" class=\"elementor elementor-4815 elementor-4809\" data-elementor-post-type=\"page\">\n\t\t\t\t\t\t<section class=\"elementor-section elementor-top-section elementor-element elementor-element-0ebde46 elementor-section-full_width elementor-section-height-default elementor-section-height-default\" data-id=\"0ebde46\" data-element_type=\"section\" data-e-type=\"section\" data-settings=\"{&quot;jet_parallax_layout_list&quot;:[{&quot;jet_parallax_layout_image&quot;:{&quot;url&quot;:&quot;&quot;,&quot;id&quot;:&quot;&quot;,&quot;size&quot;:&quot;&quot;},&quot;_id&quot;:&quot;e9ac418&quot;,&quot;jet_parallax_layout_image_tablet&quot;:{&quot;url&quot;:&quot;&quot;,&quot;id&quot;:&quot;&quot;,&quot;size&quot;:&quot;&quot;},&quot;jet_parallax_layout_image_mobile&quot;:{&quot;url&quot;:&quot;&quot;,&quot;id&quot;:&quot;&quot;,&quot;size&quot;:&quot;&quot;},&quot;jet_parallax_layout_speed&quot;:{&quot;unit&quot;:&quot;%&quot;,&quot;size&quot;:50,&quot;sizes&quot;:[]},&quot;jet_parallax_layout_type&quot;:&quot;scroll&quot;,&quot;jet_parallax_layout_direction&quot;:&quot;1&quot;,&quot;jet_parallax_layout_fx_direction&quot;:null,&quot;jet_parallax_layout_z_index&quot;:&quot;&quot;,&quot;jet_parallax_layout_bg_x&quot;:50,&quot;jet_parallax_layout_bg_x_tablet&quot;:&quot;&quot;,&quot;jet_parallax_layout_bg_x_mobile&quot;:&quot;&quot;,&quot;jet_parallax_layout_bg_y&quot;:50,&quot;jet_parallax_layout_bg_y_tablet&quot;:&quot;&quot;,&quot;jet_parallax_layout_bg_y_mobile&quot;:&quot;&quot;,&quot;jet_parallax_layout_bg_size&quot;:&quot;auto&quot;,&quot;jet_parallax_layout_bg_size_tablet&quot;:&quot;&quot;,&quot;jet_parallax_layout_bg_size_mobile&quot;:&quot;&quot;,&quot;jet_parallax_layout_animation_prop&quot;:&quot;transform&quot;,&quot;jet_parallax_layout_on&quot;:[&quot;desktop&quot;,&quot;tablet&quot;]}]}\">\n\t\t\t\t\t\t<div class=\"elementor-container elementor-column-gap-default\">\n\t\t\t\t\t<div class=\"elementor-column elementor-col-100 elementor-top-column elementor-element elementor-element-84b7b1e\" data-id=\"84b7b1e\" data-element_type=\"column\" data-e-type=\"column\" data-settings=\"{&quot;background_background&quot;:&quot;classic&quot;}\">\n\t\t\t<div class=\"elementor-widget-wrap elementor-element-populated\">\n\t\t\t\t\t\t<div class=\"elementor-element elementor-element-e165c5c elementor-hidden-mobile elementor-widget elementor-widget-heading\" data-id=\"e165c5c\" data-element_type=\"widget\" data-e-type=\"widget\" data-widget_type=\"heading.default\">\n\t\t\t\t<div class=\"elementor-widget-container\">\n\t\t\t\t\t<h2 class=\"elementor-heading-title elementor-size-default\">HOGYAN V\u00c1S\u00c1ROLHATOK AJ\u00c1ND\u00c9KUTALV\u00c1NYT?<\/h2>\t\t\t\t<\/div>\n\t\t\t\t<\/div>\n\t\t<div class=\"elementor-element elementor-element-63afdcf e-flex e-con-boxed e-con e-parent\" data-id=\"63afdcf\" data-element_type=\"container\" data-e-type=\"container\" data-settings=\"{&quot;jet_parallax_layout_list&quot;:[]}\">\n\t\t\t\t\t<div class=\"e-con-inner\">\n\t\t\t\t<div class=\"elementor-element elementor-element-4a777a0 elementor-widget elementor-widget-text-editor\" data-id=\"4a777a0\" data-element_type=\"widget\" data-e-type=\"widget\" data-widget_type=\"text-editor.default\">\n\t\t\t\t<div class=\"elementor-widget-container\">\n\t\t\t\t\t\t\t\t\t<h3 data-start=\"318\" data-end=\"356\">1. <strong data-start=\"325\" data-end=\"356\">Menjen az adom\u00e1nyoz\u00e1si oldalra<\/strong><\/h3>\n<p data-start=\"357\" data-end=\"464\">Kattintson az &#8222;Aj\u00e1nd\u00e9kutalv\u00e1ny v\u00e1s\u00e1rl\u00e1sa&#8221; gombra, amely \u00e1tir\u00e1ny\u00edtja \u00d6nt a DARUJME.sk hivatalos \u0171rlapj\u00e1ra.<\/p>\n<h3 data-start=\"471\" data-end=\"503\">2. <strong data-start=\"478\" data-end=\"503\">T\u00f6ltse ki a hozz\u00e1j\u00e1rul\u00e1s \u00f6sszeg\u00e9t<\/strong><\/h3>\n<ul data-start=\"504\" data-end=\"754\">\n<li data-start=\"504\" data-end=\"754\">\n<p data-start=\"506\" data-end=\"578\">Adja meg a kiv\u00e1lasztott szak\u00e1g alap nevez\u00e9si d\u00edj\u00e1nak megfelel\u0151 \u00f6sszeget:<\/p>\n<ul data-start=\"581\" data-end=\"754\">\n<li data-start=\"581\" data-end=\"609\">\n<p data-start=\"583\" data-end=\"609\"><strong data-start=\"583\" data-end=\"597\">F\u00e9lmaraton &#8211;<\/strong> 30 \u20ac<\/p>\n<\/li>\n<li data-start=\"581\" data-end=\"609\">\n<p data-start=\"583\" data-end=\"609\"><strong data-start=\"614\" data-end=\"635\">Staf\u00e9ta (csapat &#8211; 3 fut\u00f3) &#8211; 55 \u20ac<\/strong> <\/p>\n<\/li>\n<li data-start=\"650\" data-end=\"710\">\n<p data-start=\"652\" data-end=\"710\"><strong data-start=\"652\" data-end=\"691\">Family &amp; Senior Run (egy\u00e9ni\/csal\u00e1di fut\u00e1s) &#8211; 10 \u20ac<\/strong> \/ 25 \u20ac<\/p>\n<\/li>\n<li data-start=\"713\" data-end=\"754\">\n<p data-start=\"715\" data-end=\"754\"><strong data-start=\"715\" data-end=\"742\">J\u00f3t\u00e9konys\u00e1gi fut\u00e1s Oliver\u00e9rt &#8211;<\/strong> 20 \u20ac<\/p>\n<\/li>\n<\/ul>\n<\/li>\n<\/ul>\n<p data-start=\"756\" data-end=\"837\">\ud83c\udf81 Szeretn\u00e9l <em data-start=\"759\" data-end=\"799\">egy p\u00f3l\u00f3t vagy sapk\u00e1t?<\/em><br data-start=\"799\" data-end=\"802\">Adom\u00e1nyozz <strong data-start=\"809\" data-end=\"834\">\u00f6nk\u00e9ntes adom\u00e1nyt<\/strong>:<\/p>\n<ul data-start=\"838\" data-end=\"898\">\n<li data-start=\"838\" data-end=\"863\">\n<p data-start=\"840\" data-end=\"863\"><strong data-start=\"843\" data-end=\"852\">+30 \u20ac<\/strong> -t\u00f3l <strong data-start=\"843\" data-end=\"852\">&#8211;<\/strong> p\u00f3l\u00f3<\/p>\n<\/li>\n<li data-start=\"864\" data-end=\"898\">\n<p data-start=\"866\" data-end=\"898\"><strong data-start=\"869\" data-end=\"878\">+50 \u20ac<\/strong> -t\u00f3l <strong data-start=\"869\" data-end=\"878\">&#8211;<\/strong> p\u00f3l\u00f3 + sapka<\/p>\n<\/li>\n<\/ul>\n<h3 data-start=\"905\" data-end=\"964\">3. <strong data-start=\"912\" data-end=\"964\">Jel\u00f6lje be az &#8222;Aj\u00e1nd\u00e9kutalv\u00e1ny \u00e9rdekel&#8221; opci\u00f3t.<\/strong><\/h3>\n<p data-start=\"965\" data-end=\"1076\">Ez\u00e1ltal tudatni fogja vel\u00fcnk, hogy az adom\u00e1ny nem csak t\u00e1mogat\u00e1sra szolg\u00e1l, hanem egy konkr\u00e9t <strong data-start=\"1046\" data-end=\"1075\">aj\u00e1nd\u00e9kutalv\u00e1nyra is<\/strong> k\u00edv\u00e1ncsi <strong data-start=\"1046\" data-end=\"1075\">.<\/strong><\/p>\n<h3 data-start=\"1083\" data-end=\"1131\">4. <strong data-start=\"1090\" data-end=\"1131\">V\u00e1lassza ki az adom\u00e1nyozni k\u00edv\u00e1nt tudom\u00e1ny\u00e1gat<\/strong><\/h3>\n<p data-start=\"1132\" data-end=\"1191\">V\u00e1lassza ki az egyik tudom\u00e1ny\u00e1gat a leg\u00f6rd\u00fcl\u0151 list\u00e1b\u00f3l:<\/p>\n<ul data-start=\"1192\" data-end=\"1262\">\n<li data-start=\"1192\" data-end=\"1204\">\n<p data-start=\"1194\" data-end=\"1204\">F\u00e9lmaraton<\/p>\n<\/li>\n<li data-start=\"1205\" data-end=\"1214\">\n<p data-start=\"1207\" data-end=\"1214\">Rel\u00e9<\/p>\n<\/li>\n<li data-start=\"1215\" data-end=\"1236\">\n<p data-start=\"1217\" data-end=\"1236\">Csal\u00e1di \u00e9s szenior fut\u00e1s<\/p>\n<\/li>\n<li data-start=\"1237\" data-end=\"1262\">\n<p data-start=\"1239\" data-end=\"1262\">J\u00f3t\u00e9konys\u00e1gi fut\u00e1s Oliver\u00e9rt<\/p>\n<\/li>\n<\/ul>\n<h3 data-start=\"1269\" data-end=\"1301\">5. <strong data-start=\"1276\" data-end=\"1301\">T\u00f6ltse ki a kapcsolattart\u00e1si adatokat<\/strong><\/h3>\n<p data-start=\"1302\" data-end=\"1382\">Adja meg nev\u00e9t, e-mail c\u00edm\u00e9t \u00e9s egy megjegyz\u00e9st &#8211; p\u00e9ld\u00e1ul, hogy kinek szeretn\u00e9 odaadni az utalv\u00e1nyt (opcion\u00e1lis).<\/p>\n<h3 data-start=\"1389\" data-end=\"1414\">6. <strong data-start=\"1396\" data-end=\"1414\">Teljes fizet\u00e9s<\/strong><\/h3>\n<p data-start=\"1415\" data-end=\"1522\">Fizethet <strong data-start=\"1430\" data-end=\"1440\">k\u00e1rty\u00e1val vagy<\/strong> <strong data-start=\"1451\" data-end=\"1471\">Google\/Apple Pay<\/strong> seg\u00edts\u00e9g\u00e9vel <strong data-start=\"1451\" data-end=\"1471\">.<\/strong> A sikeres fizet\u00e9s ut\u00e1n e-mailben kap egy visszaigazol\u00e1st. <\/p>\n<h3 data-start=\"1529\" data-end=\"1572\">7. <strong data-start=\"1536\" data-end=\"1572\">Kapjon aj\u00e1nd\u00e9kutalv\u00e1nyt e-mailben<\/strong><\/h3>\n<p data-start=\"1573\" data-end=\"1699\">A feldolgoz\u00e1s ut\u00e1n egy szem\u00e9lyre szabott <strong data-start=\"1614\" data-end=\"1653\">elektronikus aj\u00e1nd\u00e9kutalv\u00e1nyt (PDF)<\/strong> k\u00fcld\u00fcnk \u00d6nnek, <strong data-start=\"1614\" data-end=\"1653\">amelyet \u00e1tadhat<\/strong> egy szerett\u00e9nek vagy koll\u00e9g\u00e1j\u00e1nak.<\/p>\n<p data-start=\"1706\" data-end=\"1842\">A jutalmakat (p\u00f3l\u00f3k \u00e9s sapk\u00e1k) a kedvezm\u00e9nyezettek a fut\u00f3k bemutat\u00f3j\u00e1n vehetik \u00e1t. 19. &#8211; 20. 09. 2025, vagy a rendezv\u00e9ny ut\u00e1n post\u00e1n k\u00fcldj\u00fck el neki. <\/p>\n\t\t\t\t\t\t\t\t<\/div>\n\t\t\t\t<\/div>\n\t\t\t\t\t<\/div>\n\t\t\t\t<\/div>\n\t\t\t\t\t<\/div>\n\t\t<\/div>\n\t\t\t\t\t<\/div>\n\t\t<\/section>\n\t\t\t\t<section class=\"elementor-section elementor-top-section elementor-element elementor-element-e071382 elementor-section-boxed elementor-section-height-default elementor-section-height-default\" data-id=\"e071382\" data-element_type=\"section\" data-e-type=\"section\" data-settings=\"{&quot;jet_parallax_layout_list&quot;:[{&quot;_id&quot;:&quot;99336a8&quot;,&quot;jet_parallax_layout_speed&quot;:{&quot;unit&quot;:&quot;%&quot;,&quot;size&quot;:&quot;&quot;,&quot;sizes&quot;:[]},&quot;jet_parallax_layout_bg_x&quot;:0,&quot;jet_parallax_layout_bg_y&quot;:0,&quot;jet_parallax_layout_bg_size&quot;:&quot;cover&quot;,&quot;jet_parallax_layout_animation_prop&quot;:&quot;bgposition&quot;,&quot;jet_parallax_layout_image&quot;:{&quot;url&quot;:&quot;&quot;,&quot;id&quot;:&quot;&quot;,&quot;size&quot;:&quot;&quot;},&quot;jet_parallax_layout_image_tablet&quot;:{&quot;url&quot;:&quot;&quot;,&quot;id&quot;:&quot;&quot;,&quot;size&quot;:&quot;&quot;},&quot;jet_parallax_layout_image_mobile&quot;:{&quot;url&quot;:&quot;&quot;,&quot;id&quot;:&quot;&quot;,&quot;size&quot;:&quot;&quot;},&quot;jet_parallax_layout_type&quot;:&quot;scroll&quot;,&quot;jet_parallax_layout_direction&quot;:&quot;1&quot;,&quot;jet_parallax_layout_fx_direction&quot;:null,&quot;jet_parallax_layout_z_index&quot;:&quot;&quot;,&quot;jet_parallax_layout_bg_x_tablet&quot;:&quot;&quot;,&quot;jet_parallax_layout_bg_x_mobile&quot;:&quot;&quot;,&quot;jet_parallax_layout_bg_y_tablet&quot;:&quot;&quot;,&quot;jet_parallax_layout_bg_y_mobile&quot;:&quot;&quot;,&quot;jet_parallax_layout_bg_size_tablet&quot;:&quot;&quot;,&quot;jet_parallax_layout_bg_size_mobile&quot;:&quot;&quot;,&quot;jet_parallax_layout_on&quot;:[&quot;desktop&quot;,&quot;tablet&quot;]}],&quot;background_background&quot;:&quot;classic&quot;}\">\n\t\t\t\t\t\t<div class=\"elementor-container elementor-column-gap-default\">\n\t\t\t\t\t<div class=\"elementor-column elementor-col-100 elementor-top-column elementor-element elementor-element-749b116\" data-id=\"749b116\" data-element_type=\"column\" data-e-type=\"column\">\n\t\t\t<div class=\"elementor-widget-wrap elementor-element-populated\">\n\t\t\t\t\t\t<div class=\"elementor-element elementor-element-a7fff23 elementor-widget__width-initial elementor-widget elementor-widget-heading\" data-id=\"a7fff23\" data-element_type=\"widget\" data-e-type=\"widget\" data-widget_type=\"heading.default\">\n\t\t\t\t<div class=\"elementor-widget-container\">\n\t\t\t\t\t<h1 class=\"elementor-heading-title elementor-size-default\"><strong data-start=\"213\" data-end=\"254\">V\u00e1s\u00e1roljon aj\u00e1nd\u00e9kutalv\u00e1nyt a nevez\u00e9si d\u00edjra<\/strong><\/h1>\t\t\t\t<\/div>\n\t\t\t\t<\/div>\n\t\t\t\t<div class=\"elementor-element elementor-element-c17f8a1 elementor-widget__width-initial elementor-widget elementor-widget-text-editor\" data-id=\"c17f8a1\" data-element_type=\"widget\" data-e-type=\"widget\" data-widget_type=\"text-editor.default\">\n\t\t\t\t<div class=\"elementor-widget-container\">\n\t\t\t\t\t\t\t\t\t<p>Aj\u00e1nd\u00e9kozzon egy eredeti sport\u00e9lm\u00e9nyt! V\u00e1lassza ki a sport\u00e1gat, az \u00f6sszeget, \u00e9s \u00f6rvendeztesse meg szeretteit egy olyan aj\u00e1nd\u00e9kkal, amely k\u00f6zvetlen\u00fcl az Oktoberfest Run Nitra 2025 rajtj\u00e1ra viszi \u0151ket. <\/p>\n\t\t\t\t\t\t\t\t<\/div>\n\t\t\t\t<\/div>\n\t\t\t\t<div class=\"elementor-element elementor-element-fc41fe1 elementor-align-center elementor-widget elementor-widget-button\" data-id=\"fc41fe1\" data-element_type=\"widget\" data-e-type=\"widget\" data-widget_type=\"button.default\">\n\t\t\t\t<div class=\"elementor-widget-container\">\n\t\t\t\t\t\t\t\t\t<div class=\"elementor-button-wrapper\">\n\t\t\t\t\t<a class=\"elementor-button elementor-button-link elementor-size-sm\" href=\"https:\/\/jednoducho.darujme.sk\/oktoberfest-run-nitra-2025-virtualny-beh\/?referral_tag_id=d1c908c4-1834-4984-b34c-84b00f923cff\" target=\"_blank\">\n\t\t\t\t\t\t<span class=\"elementor-button-content-wrapper\">\n\t\t\t\t\t\t\t\t\t<span class=\"elementor-button-text\">Menjen a v\u00e1s\u00e1rl\u00e1shoz<\/span>\n\t\t\t\t\t<\/span>\n\t\t\t\t\t<\/a>\n\t\t\t\t<\/div>\n\t\t\t\t\t\t\t\t<\/div>\n\t\t\t\t<\/div>\n\t\t\t\t\t<\/div>\n\t\t<\/div>\n\t\t\t\t\t<\/div>\n\t\t<\/section>\n\t\t\t\t<section class=\"elementor-section elementor-top-section elementor-element elementor-element-7c09cf4 elementor-section-full_width elementor-section-height-default elementor-section-height-default\" data-id=\"7c09cf4\" data-element_type=\"section\" data-e-type=\"section\" data-settings=\"{&quot;jet_parallax_layout_list&quot;:[{&quot;jet_parallax_layout_image&quot;:{&quot;url&quot;:&quot;&quot;,&quot;id&quot;:&quot;&quot;,&quot;size&quot;:&quot;&quot;},&quot;_id&quot;:&quot;e9ac418&quot;,&quot;jet_parallax_layout_image_tablet&quot;:{&quot;url&quot;:&quot;&quot;,&quot;id&quot;:&quot;&quot;,&quot;size&quot;:&quot;&quot;},&quot;jet_parallax_layout_image_mobile&quot;:{&quot;url&quot;:&quot;&quot;,&quot;id&quot;:&quot;&quot;,&quot;size&quot;:&quot;&quot;},&quot;jet_parallax_layout_speed&quot;:{&quot;unit&quot;:&quot;%&quot;,&quot;size&quot;:50,&quot;sizes&quot;:[]},&quot;jet_parallax_layout_type&quot;:&quot;scroll&quot;,&quot;jet_parallax_layout_direction&quot;:&quot;1&quot;,&quot;jet_parallax_layout_fx_direction&quot;:null,&quot;jet_parallax_layout_z_index&quot;:&quot;&quot;,&quot;jet_parallax_layout_bg_x&quot;:50,&quot;jet_parallax_layout_bg_x_tablet&quot;:&quot;&quot;,&quot;jet_parallax_layout_bg_x_mobile&quot;:&quot;&quot;,&quot;jet_parallax_layout_bg_y&quot;:50,&quot;jet_parallax_layout_bg_y_tablet&quot;:&quot;&quot;,&quot;jet_parallax_layout_bg_y_mobile&quot;:&quot;&quot;,&quot;jet_parallax_layout_bg_size&quot;:&quot;auto&quot;,&quot;jet_parallax_layout_bg_size_tablet&quot;:&quot;&quot;,&quot;jet_parallax_layout_bg_size_mobile&quot;:&quot;&quot;,&quot;jet_parallax_layout_animation_prop&quot;:&quot;transform&quot;,&quot;jet_parallax_layout_on&quot;:[&quot;desktop&quot;,&quot;tablet&quot;]}]}\">\n\t\t\t\t\t\t<div class=\"elementor-container elementor-column-gap-default\">\n\t\t\t\t\t<div class=\"elementor-column elementor-col-100 elementor-top-column elementor-element elementor-element-6367c2b\" data-id=\"6367c2b\" data-element_type=\"column\" data-e-type=\"column\" data-settings=\"{&quot;background_background&quot;:&quot;classic&quot;}\">\n\t\t\t<div class=\"elementor-widget-wrap elementor-element-populated\">\n\t\t\t\t\t\t<div class=\"elementor-element elementor-element-49b4218 elementor-widget elementor-widget-jet-countdown-timer\" data-id=\"49b4218\" data-element_type=\"widget\" data-e-type=\"widget\" data-widget_type=\"jet-countdown-timer.default\">\n\t\t\t\t<div class=\"elementor-widget-container\">\n\t\t\t\t\t<div class=\"elementor-jet-countdown-timer jet-elements\">\n<div class=\"jet-countdown-timer\" data-type=\"due_date\" data-due-date=\"1758355200\">\n\t<div class=\"jet-countdown-timer__item item-days\">\n\t<div class=\"jet-countdown-timer__item-value\" data-value=\"days\"><span class=\"jet-countdown-timer__digit\">0<\/span><span class=\"jet-countdown-timer__digit\">0<\/span><\/div>\n\t<div class=\"jet-countdown-timer__item-label\">Napok<\/div><\/div>\n\t<div class=\"jet-countdown-timer__item item-hours\">\n\t<div class=\"jet-countdown-timer__item-value\" data-value=\"hours\"><span class=\"jet-countdown-timer__digit\">0<\/span><span class=\"jet-countdown-timer__digit\">0<\/span><\/div>\n\t<div class=\"jet-countdown-timer__item-label\">\u00d3r\u00e1k<\/div><\/div>\n\t<div class=\"jet-countdown-timer__item item-minutes\">\n\t<div class=\"jet-countdown-timer__item-value\" data-value=\"minutes\"><span class=\"jet-countdown-timer__digit\">0<\/span><span class=\"jet-countdown-timer__digit\">0<\/span><\/div>\n\t<div class=\"jet-countdown-timer__item-label\">Jegyz\u0151k\u00f6nyv<\/div><\/div>\n\t<div class=\"jet-countdown-timer__item item-seconds\">\n\t<div class=\"jet-countdown-timer__item-value\" data-value=\"seconds\"><span class=\"jet-countdown-timer__digit\">0<\/span><span class=\"jet-countdown-timer__digit\">0<\/span><\/div>\n\t<div class=\"jet-countdown-timer__item-label\">M\u00e1sodpercek<\/div><\/div>\n<\/div>\n\n<\/div>\t\t\t\t<\/div>\n\t\t\t\t<\/div>\n\t\t\t\t\t<\/div>\n\t\t<\/div>\n\t\t\t\t\t<\/div>\n\t\t<\/section>\n\t\t\t\t<\/div>\n\t\t","protected":false},"excerpt":{"rendered":"<p>HOGYAN V\u00c1S\u00c1ROLHATOK AJ\u00c1ND\u00c9KUTALV\u00c1NYT? 1. Menjen az adom\u00e1nyoz\u00e1si oldalra Kattintson az &#8222;Aj\u00e1nd\u00e9kutalv\u00e1ny v\u00e1s\u00e1rl\u00e1sa&#8221; gombra, amely \u00e1tir\u00e1ny\u00edtja \u00d6nt a DARUJME.sk hivatalos \u0171rlapj\u00e1ra. [&hellip;]<\/p>\n","protected":false},"author":1,"featured_media":0,"parent":0,"menu_order":0,"comment_status":"closed","ping_status":"closed","template":"elementor_header_footer","meta":{"_acf_changed":false,"site-sidebar-layout":"default","site-content-layout":"","ast-site-content-layout":"default","site-content-style":"default","site-sidebar-style":"default","ast-global-header-display":"","ast-banner-title-visibility":"","ast-main-header-display":"","ast-hfb-above-header-display":"","ast-hfb-below-header-display":"","ast-hfb-mobile-header-display":"","site-post-title":"","ast-breadcrumbs-content":"","ast-featured-img":"","footer-sml-layout":"","ast-disable-related-posts":"","theme-transparent-header-meta":"","adv-header-id-meta":"","stick-header-meta":"","header-above-stick-meta":"","header-main-stick-meta":"","header-below-stick-meta":"","astra-migrate-meta-layouts":"default","ast-page-background-enabled":"default","ast-page-background-meta":{"desktop":{"background-color":"var(--ast-global-color-5)","background-image":"","background-repeat":"repeat","background-position":"center center","background-size":"auto","background-attachment":"scroll","background-type":"","background-media":"","overlay-type":"","overlay-color":"","overlay-opacity":"","overlay-gradient":""},"tablet":{"background-color":"","background-image":"","background-repeat":"repeat","background-position":"center center","background-size":"auto","background-attachment":"scroll","background-type":"","background-media":"","overlay-type":"","overlay-color":"","overlay-opacity":"","overlay-gradient":""},"mobile":{"background-color":"","background-image":"","background-repeat":"repeat","background-position":"center center","background-size":"auto","background-attachment":"scroll","background-type":"","background-media":"","overlay-type":"","overlay-color":"","overlay-opacity":"","overlay-gradient":""}},"ast-content-background-meta":{"desktop":{"background-color":"var(--ast-global-color-4)","background-image":"","background-repeat":"repeat","background-position":"center center","background-size":"auto","background-attachment":"scroll","background-type":"","background-media":"","overlay-type":"","overlay-color":"","overlay-opacity":"","overlay-gradient":""},"tablet":{"background-color":"var(--ast-global-color-4)","background-image":"","background-repeat":"repeat","background-position":"center center","background-size":"auto","background-attachment":"scroll","background-type":"","background-media":"","overlay-type":"","overlay-color":"","overlay-opacity":"","overlay-gradient":""},"mobile":{"background-color":"var(--ast-global-color-4)","background-image":"","background-repeat":"repeat","background-position":"center center","background-size":"auto","background-attachment":"scroll","background-type":"","background-media":"","overlay-type":"","overlay-color":"","overlay-opacity":"","overlay-gradient":""}},"advanced_seo_description":"","jetpack_seo_html_title":"","jetpack_seo_noindex":false,"footnotes":""},"class_list":["post-4815","page","type-page","status-publish","hentry"],"acf":[],"jetpack_sharing_enabled":true,"_links":{"self":[{"href":"https:\/\/oktoberfestrun.sk\/hu\/wp-json\/wp\/v2\/pages\/4815","targetHints":{"allow":["GET"]}}],"collection":[{"href":"https:\/\/oktoberfestrun.sk\/hu\/wp-json\/wp\/v2\/pages"}],"about":[{"href":"https:\/\/oktoberfestrun.sk\/hu\/wp-json\/wp\/v2\/types\/page"}],"author":[{"embeddable":true,"href":"https:\/\/oktoberfestrun.sk\/hu\/wp-json\/wp\/v2\/users\/1"}],"replies":[{"embeddable":true,"href":"https:\/\/oktoberfestrun.sk\/hu\/wp-json\/wp\/v2\/comments?post=4815"}],"version-history":[{"count":6,"href":"https:\/\/oktoberfestrun.sk\/hu\/wp-json\/wp\/v2\/pages\/4815\/revisions"}],"predecessor-version":[{"id":4879,"href":"https:\/\/oktoberfestrun.sk\/hu\/wp-json\/wp\/v2\/pages\/4815\/revisions\/4879"}],"wp:attachment":[{"href":"https:\/\/oktoberfestrun.sk\/hu\/wp-json\/wp\/v2\/media?parent=4815"}],"curies":[{"name":"wp","href":"https:\/\/api.w.org\/{rel}","templated":true}]}}