{"id":5184,"date":"2025-08-13T14:04:40","date_gmt":"2025-08-13T12:04:40","guid":{"rendered":"https:\/\/oktoberfestrun.sk\/wagen\/"},"modified":"2025-08-13T19:23:33","modified_gmt":"2025-08-13T17:23:33","slug":"wagen","status":"publish","type":"page","link":"https:\/\/oktoberfestrun.sk\/de\/wagen\/","title":{"rendered":"Wagen"},"content":{"rendered":"\n<div data-block-name=\"woocommerce\/cart\" class=\"wp-block-woocommerce-cart alignwide is-loading\">\n<div data-block-name=\"woocommerce\/filled-cart-block\" class=\"wp-block-woocommerce-filled-cart-block\">\n<div data-block-name=\"woocommerce\/cart-items-block\" class=\"wp-block-woocommerce-cart-items-block\">\n<div data-block-name=\"woocommerce\/cart-line-items-block\" class=\"wp-block-woocommerce-cart-line-items-block\"><\/div>\n\n\n\n<div data-block-name=\"woocommerce\/cart-cross-sells-block\" class=\"wp-block-woocommerce-cart-cross-sells-block\">\n<h2 class=\"wp-block-heading has-large-font-size\">Das k\u00f6nnte Sie auch interessieren&#8230;<\/h2>\n\n\n\n<div data-block-name=\"woocommerce\/cart-cross-sells-products-block\" class=\"wp-block-woocommerce-cart-cross-sells-products-block\"><\/div>\n<\/div>\n<\/div>\n\n\n\n<div data-block-name=\"woocommerce\/cart-totals-block\" class=\"wp-block-woocommerce-cart-totals-block\">\n<div data-block-name=\"woocommerce\/cart-order-summary-block\" class=\"wp-block-woocommerce-cart-order-summary-block\">\n<div data-block-name=\"woocommerce\/cart-order-summary-heading-block\" class=\"wp-block-woocommerce-cart-order-summary-heading-block\"><\/div><div data-block-name=\"woocommerce\/cart-order-summary-coupon-form-block\" class=\"wp-block-woocommerce-cart-order-summary-coupon-form-block\"><\/div><div data-block-name=\"woocommerce\/cart-order-summary-totals-block\" class=\"wp-block-woocommerce-cart-order-summary-totals-block\">\n<div data-block-name=\"woocommerce\/cart-order-summary-subtotal-block\" class=\"wp-block-woocommerce-cart-order-summary-subtotal-block\"><\/div>\n<div data-block-name=\"woocommerce\/cart-order-summary-discount-block\" class=\"wp-block-woocommerce-cart-order-summary-discount-block\"><\/div>\n<div data-block-name=\"woocommerce\/cart-order-summary-fee-block\" class=\"wp-block-woocommerce-cart-order-summary-fee-block\"><\/div>\n<div data-block-name=\"woocommerce\/cart-order-summary-shipping-block\" class=\"wp-block-woocommerce-cart-order-summary-shipping-block\"><\/div>\n<div data-block-name=\"woocommerce\/cart-order-summary-taxes-block\" class=\"wp-block-woocommerce-cart-order-summary-taxes-block\"><\/div><\/div>\n<\/div>\n\n\n\n<div data-block-name=\"woocommerce\/cart-express-payment-block\" class=\"wp-block-woocommerce-cart-express-payment-block\"><\/div>\n\n\n\n<div data-block-name=\"woocommerce\/proceed-to-checkout-block\" class=\"wp-block-woocommerce-proceed-to-checkout-block\"><\/div>\n\n\n\n<div data-block-name=\"woocommerce\/cart-accepted-payment-methods-block\" class=\"wp-block-woocommerce-cart-accepted-payment-methods-block\"><\/div>\n<\/div>\n<\/div>\n\n\n\n<div data-block-name=\"woocommerce\/empty-cart-block\" class=\"wp-block-woocommerce-empty-cart-block\">\n<h2 class=\"wp-block-heading has-text-align-center with-empty-cart-icon wc-block-cart__empty-cart__title\">Ihr Warenkorb ist derzeit leer!<\/h2>\n\n\n\n<hr class=\"wp-block-separator has-alpha-channel-opacity is-style-dots\"\/>\n\n\n\n<h2 class=\"wp-block-heading has-text-align-center\">Neu im Gesch\u00e4ft<\/h2>\n\n\n<div data-block-name=\"woocommerce\/product-new\" data-columns=\"4\" data-rows=\"1\" class=\"wc-block-grid wp-block-product-new wp-block-woocommerce-product-new wc-block-product-new has-4-columns\"><ul class=\"wc-block-grid__products\"><li class=\"wc-block-grid__product\">\n\t\t\t\t<a href=\"https:\/\/oktoberfestrun.sk\/produkt\/startovne-na-jarny-charitativny-beh-nitra-2026\/\" class=\"wc-block-grid__product-link\">\n\t\t\t\t\t\n\t\t\t\t\t<div class=\"wc-block-grid__product-image\"><img fetchpriority=\"high\" decoding=\"async\" width=\"300\" height=\"300\" src=\"https:\/\/oktoberfestrun.sk\/wp-content\/uploads\/2026\/03\/SCHR-Logo@3x-1-300x300.png\" class=\"attachment-woocommerce_thumbnail size-woocommerce_thumbnail\" alt=\"\u0160tartovn\u00e9 na Jarn\u00fd charitat\u00edvny beh Nitra 2026\" srcset=\"https:\/\/oktoberfestrun.sk\/wp-content\/uploads\/2026\/03\/SCHR-Logo@3x-1-300x300.png 300w, https:\/\/oktoberfestrun.sk\/wp-content\/uploads\/2026\/03\/SCHR-Logo@3x-1-150x150.png 150w, https:\/\/oktoberfestrun.sk\/wp-content\/uploads\/2026\/03\/SCHR-Logo@3x-1-100x100.png 100w\" sizes=\"(max-width: 300px) 100vw, 300px\" \/><\/div>\n\t\t\t\t\t<div class=\"wc-block-grid__product-title\">\u0160tartovn\u00e9 na Jarn\u00fd charitat\u00edvny beh Nitra 2026<\/div>\n\t\t\t\t<\/a>\n\t\t\t\t<div class=\"wc-block-grid__product-price price\"><span class=\"woocommerce-Price-amount amount\">20,00&nbsp;<span class=\"woocommerce-Price-currencySymbol\">&euro;<\/span><\/span><p class=\"stock in-stock in_stock_color woo-custom-stock-status\">Vorr\u00e4tig<\/p><\/div>\n\t\t\t\t\n\t\t\t\t<div class=\"wp-block-button wc-block-grid__product-add-to-cart\"><a href=\"https:\/\/oktoberfestrun.sk\/produkt\/startovne-na-jarny-charitativny-beh-nitra-2026\/\" aria-label=\"W\u00e4hle Optionen f\u00fcr \u201e\u0160tartovn\u00e9 na Jarn\u00fd charitat\u00edvny beh Nitra 2026\u201c\" data-quantity=\"1\" data-product_id=\"6851\" data-product_sku=\"\" data-price=\"20\" rel=\"nofollow\" class=\"wp-block-button__link  add_to_cart_button\">Ausf\u00fchrung w\u00e4hlen<\/a><\/div>\n\t\t\t<\/li><li class=\"wc-block-grid__product\">\n\t\t\t\t<a href=\"https:\/\/oktoberfestrun.sk\/produkt\/darcekovy-poukaz-na-startovne\/\" class=\"wc-block-grid__product-link\">\n\t\t\t\t\t\n\t\t\t\t\t<div class=\"wc-block-grid__product-image\"><img decoding=\"async\" width=\"300\" height=\"300\" src=\"https:\/\/oktoberfestrun.sk\/wp-content\/uploads\/2025\/12\/darcekovysquarel-300x300.jpeg\" class=\"attachment-woocommerce_thumbnail size-woocommerce_thumbnail\" alt=\"Dar\u010dekov\u00fd poukaz na \u0161tartovn\u00e9\" srcset=\"https:\/\/oktoberfestrun.sk\/wp-content\/uploads\/2025\/12\/darcekovysquarel-300x300.jpeg 300w, https:\/\/oktoberfestrun.sk\/wp-content\/uploads\/2025\/12\/darcekovysquarel-1024x1024.jpeg 1024w, https:\/\/oktoberfestrun.sk\/wp-content\/uploads\/2025\/12\/darcekovysquarel-150x150.jpeg 150w, https:\/\/oktoberfestrun.sk\/wp-content\/uploads\/2025\/12\/darcekovysquarel-768x768.jpeg 768w, https:\/\/oktoberfestrun.sk\/wp-content\/uploads\/2025\/12\/darcekovysquarel-600x600.jpeg 600w, https:\/\/oktoberfestrun.sk\/wp-content\/uploads\/2025\/12\/darcekovysquarel-100x100.jpeg 100w, https:\/\/oktoberfestrun.sk\/wp-content\/uploads\/2025\/12\/darcekovysquarel.jpeg 1280w\" sizes=\"(max-width: 300px) 100vw, 300px\" \/><\/div>\n\t\t\t\t\t<div class=\"wc-block-grid__product-title\">Dar\u010dekov\u00fd poukaz na \u0161tartovn\u00e9<\/div>\n\t\t\t\t<\/a>\n\t\t\t\t<div class=\"wc-block-grid__product-price price\"><span class=\"woocommerce-Price-amount amount\" aria-hidden=\"true\">5,00&nbsp;<span class=\"woocommerce-Price-currencySymbol\">&euro;<\/span><\/span> <span aria-hidden=\"true\"> \u2013 <\/span> <span class=\"woocommerce-Price-amount amount\" aria-hidden=\"true\">55,00&nbsp;<span class=\"woocommerce-Price-currencySymbol\">&euro;<\/span><\/span><span class=\"screen-reader-text\">Preisspanne: 5,00&nbsp;&euro; bis 55,00&nbsp;&euro;<\/span><p class=\"stock in-stock in_stock_color woo-custom-stock-status\">Vorr\u00e4tig<\/p><\/div>\n\t\t\t\t\n\t\t\t\t<div class=\"wp-block-button wc-block-grid__product-add-to-cart\"><a href=\"https:\/\/oktoberfestrun.sk\/produkt\/darcekovy-poukaz-na-startovne\/\" aria-label=\"W\u00e4hle Optionen f\u00fcr \u201eDar\u010dekov\u00fd poukaz na \u0161tartovn\u00e9\u201c\" data-quantity=\"1\" data-product_id=\"6247\" data-product_sku=\"\" data-price=\"5\" rel=\"nofollow\" class=\"wp-block-button__link  add_to_cart_button\">Ausf\u00fchrung w\u00e4hlen<\/a><\/div>\n\t\t\t<\/li><li class=\"wc-block-grid__product\">\n\t\t\t\t<a href=\"https:\/\/oktoberfestrun.sk\/produkt\/nakupna-taska-oktoberfest-run-nitra\/\" class=\"wc-block-grid__product-link\">\n\t\t\t\t\t\n\t\t\t\t\t<div class=\"wc-block-grid__product-image\"><img decoding=\"async\" width=\"300\" height=\"300\" src=\"https:\/\/oktoberfestrun.sk\/wp-content\/uploads\/2025\/11\/taska1-1-300x300.png\" class=\"attachment-woocommerce_thumbnail size-woocommerce_thumbnail\" alt=\"N\u00e1kupn\u00e1 ta\u0161ka Oktoberfest Run Nitra\" srcset=\"https:\/\/oktoberfestrun.sk\/wp-content\/uploads\/2025\/11\/taska1-1-300x300.png 300w, https:\/\/oktoberfestrun.sk\/wp-content\/uploads\/2025\/11\/taska1-1-100x100.png 100w, https:\/\/oktoberfestrun.sk\/wp-content\/uploads\/2025\/11\/taska1-1-150x150.png 150w, https:\/\/oktoberfestrun.sk\/wp-content\/uploads\/2025\/11\/taska1-1-230x230.png 230w, https:\/\/oktoberfestrun.sk\/wp-content\/uploads\/2025\/11\/taska1-1-400x400.png 400w, https:\/\/oktoberfestrun.sk\/wp-content\/uploads\/2025\/11\/taska1-1-640x640.png 640w\" sizes=\"(max-width: 300px) 100vw, 300px\" \/><\/div>\n\t\t\t\t\t<div class=\"wc-block-grid__product-title\">N\u00e1kupn\u00e1 ta\u0161ka Oktoberfest Run Nitra<\/div>\n\t\t\t\t<\/a>\n\t\t\t\t<div class=\"wc-block-grid__product-price price\"><span class=\"woocommerce-Price-amount amount\">3,50&nbsp;<span class=\"woocommerce-Price-currencySymbol\">&euro;<\/span><\/span><p class=\"stock in-stock s_in_stock_color woo-custom-stock-status\">26 vorr\u00e4tig<\/p><\/div>\n\t\t\t\t\n\t\t\t\t<div class=\"wp-block-button wc-block-grid__product-add-to-cart\"><a href=\"\/de\/wp-json\/wp\/v2\/pages\/5184?add-to-cart=5708\" aria-label=\"In den Warenkorb legen: \u201eN\u00e1kupn\u00e1 ta\u0161ka Oktoberfest Run Nitra\u201c\" data-quantity=\"1\" data-product_id=\"5708\" data-product_sku=\"\" data-price=\"3.5\" rel=\"nofollow\" class=\"wp-block-button__link  add_to_cart_button ajax_add_to_cart\">In den Warenkorb<\/a><\/div>\n\t\t\t<\/li><li class=\"wc-block-grid__product\">\n\t\t\t\t<a href=\"https:\/\/oktoberfestrun.sk\/produkt\/tricko-oktoberfest-run-nitra\/\" class=\"wc-block-grid__product-link\">\n\t\t\t\t\t\n\t\t\t\t\t<div class=\"wc-block-grid__product-image\"><img loading=\"lazy\" decoding=\"async\" width=\"300\" height=\"300\" src=\"https:\/\/oktoberfestrun.sk\/wp-content\/uploads\/2025\/10\/ORN-tshirts-300x300.jpg\" class=\"attachment-woocommerce_thumbnail size-woocommerce_thumbnail\" alt=\"Tri\u010dko Oktoberfest Run Nitra\" srcset=\"https:\/\/oktoberfestrun.sk\/wp-content\/uploads\/2025\/10\/ORN-tshirts-300x300.jpg 300w, https:\/\/oktoberfestrun.sk\/wp-content\/uploads\/2025\/10\/ORN-tshirts-100x100.jpg 100w, https:\/\/oktoberfestrun.sk\/wp-content\/uploads\/2025\/10\/ORN-tshirts-600x600.jpg 600w, https:\/\/oktoberfestrun.sk\/wp-content\/uploads\/2025\/10\/ORN-tshirts-150x150.jpg 150w, https:\/\/oktoberfestrun.sk\/wp-content\/uploads\/2025\/10\/ORN-tshirts-768x768.jpg 768w, https:\/\/oktoberfestrun.sk\/wp-content\/uploads\/2025\/10\/ORN-tshirts-230x230.jpg 230w, https:\/\/oktoberfestrun.sk\/wp-content\/uploads\/2025\/10\/ORN-tshirts-400x400.jpg 400w, https:\/\/oktoberfestrun.sk\/wp-content\/uploads\/2025\/10\/ORN-tshirts-640x640.jpg 640w, https:\/\/oktoberfestrun.sk\/wp-content\/uploads\/2025\/10\/ORN-tshirts.jpg 1024w\" sizes=\"(max-width: 300px) 100vw, 300px\" \/><\/div>\n\t\t\t\t\t<div class=\"wc-block-grid__product-title\">Tri\u010dko Oktoberfest Run Nitra<\/div>\n\t\t\t\t<\/a>\n\t\t\t\t<div class=\"wc-block-grid__product-price price\"><span class=\"woocommerce-Price-amount amount\">20,00&nbsp;<span class=\"woocommerce-Price-currencySymbol\">&euro;<\/span><\/span><p class=\"stock in-stock in_stock_color woo-custom-stock-status\">Vorr\u00e4tig<\/p><\/div>\n\t\t\t\t\n\t\t\t\t<div class=\"wp-block-button wc-block-grid__product-add-to-cart\"><a href=\"https:\/\/oktoberfestrun.sk\/produkt\/tricko-oktoberfest-run-nitra\/\" aria-label=\"W\u00e4hle Optionen f\u00fcr \u201eTri\u010dko Oktoberfest Run Nitra\u201c\" data-quantity=\"1\" data-product_id=\"5440\" data-product_sku=\"\" data-price=\"20\" rel=\"nofollow\" class=\"wp-block-button__link  add_to_cart_button\">Ausf\u00fchrung w\u00e4hlen<\/a><\/div>\n\t\t\t<\/li><\/ul><\/div><\/div>\n<\/div>\n","protected":false},"excerpt":{"rendered":"","protected":false},"author":1,"featured_media":0,"parent":0,"menu_order":0,"comment_status":"closed","ping_status":"closed","template":"","meta":{"_acf_changed":false,"site-sidebar-layout":"default","site-content-layout":"","ast-site-content-layout":"default","site-content-style":"default","site-sidebar-style":"default","ast-global-header-display":"","ast-banner-title-visibility":"","ast-main-header-display":"","ast-hfb-above-header-display":"","ast-hfb-below-header-display":"","ast-hfb-mobile-header-display":"","site-post-title":"","ast-breadcrumbs-content":"","ast-featured-img":"","footer-sml-layout":"","ast-disable-related-posts":"","theme-transparent-header-meta":"","adv-header-id-meta":"","stick-header-meta":"","header-above-stick-meta":"","header-main-stick-meta":"","header-below-stick-meta":"","astra-migrate-meta-layouts":"default","ast-page-background-enabled":"default","ast-page-background-meta":{"desktop":{"background-color":"var(--ast-global-color-5)","background-image":"","background-repeat":"repeat","background-position":"center center","background-size":"auto","background-attachment":"scroll","background-type":"","background-media":"","overlay-type":"","overlay-color":"","overlay-opacity":"","overlay-gradient":""},"tablet":{"background-color":"","background-image":"","background-repeat":"repeat","background-position":"center center","background-size":"auto","background-attachment":"scroll","background-type":"","background-media":"","overlay-type":"","overlay-color":"","overlay-opacity":"","overlay-gradient":""},"mobile":{"background-color":"","background-image":"","background-repeat":"repeat","background-position":"center center","background-size":"auto","background-attachment":"scroll","background-type":"","background-media":"","overlay-type":"","overlay-color":"","overlay-opacity":"","overlay-gradient":""}},"ast-content-background-meta":{"desktop":{"background-color":"var(--ast-global-color-4)","background-image":"","background-repeat":"repeat","background-position":"center center","background-size":"auto","background-attachment":"scroll","background-type":"","background-media":"","overlay-type":"","overlay-color":"","overlay-opacity":"","overlay-gradient":""},"tablet":{"background-color":"var(--ast-global-color-4)","background-image":"","background-repeat":"repeat","background-position":"center center","background-size":"auto","background-attachment":"scroll","background-type":"","background-media":"","overlay-type":"","overlay-color":"","overlay-opacity":"","overlay-gradient":""},"mobile":{"background-color":"var(--ast-global-color-4)","background-image":"","background-repeat":"repeat","background-position":"center center","background-size":"auto","background-attachment":"scroll","background-type":"","background-media":"","overlay-type":"","overlay-color":"","overlay-opacity":"","overlay-gradient":""}},"advanced_seo_description":"","jetpack_seo_html_title":"","jetpack_seo_noindex":false,"footnotes":""},"class_list":["post-5184","page","type-page","status-publish","hentry"],"acf":[],"jetpack_sharing_enabled":true,"_links":{"self":[{"href":"https:\/\/oktoberfestrun.sk\/de\/wp-json\/wp\/v2\/pages\/5184","targetHints":{"allow":["GET"]}}],"collection":[{"href":"https:\/\/oktoberfestrun.sk\/de\/wp-json\/wp\/v2\/pages"}],"about":[{"href":"https:\/\/oktoberfestrun.sk\/de\/wp-json\/wp\/v2\/types\/page"}],"author":[{"embeddable":true,"href":"https:\/\/oktoberfestrun.sk\/de\/wp-json\/wp\/v2\/users\/1"}],"replies":[{"embeddable":true,"href":"https:\/\/oktoberfestrun.sk\/de\/wp-json\/wp\/v2\/comments?post=5184"}],"version-history":[{"count":1,"href":"https:\/\/oktoberfestrun.sk\/de\/wp-json\/wp\/v2\/pages\/5184\/revisions"}],"predecessor-version":[{"id":5185,"href":"https:\/\/oktoberfestrun.sk\/de\/wp-json\/wp\/v2\/pages\/5184\/revisions\/5185"}],"wp:attachment":[{"href":"https:\/\/oktoberfestrun.sk\/de\/wp-json\/wp\/v2\/media?parent=5184"}],"curies":[{"name":"wp","href":"https:\/\/api.w.org\/{rel}","templated":true}]}}