{"id":4814,"date":"2025-07-19T11:52:45","date_gmt":"2025-07-19T09:52:45","guid":{"rendered":"https:\/\/oktoberfestrun.sk\/geschenkgutschein\/"},"modified":"2025-07-19T12:42:39","modified_gmt":"2025-07-19T10:42:39","slug":"geschenkgutschein","status":"publish","type":"page","link":"https:\/\/oktoberfestrun.sk\/de\/geschenkgutschein\/","title":{"rendered":"Geschenkgutschein"},"content":{"rendered":"\t\t<div data-elementor-type=\"wp-post\" data-elementor-id=\"4814\" class=\"elementor elementor-4814 elementor-4809\" data-elementor-post-type=\"page\">\n\t\t\t\t\t\t<section class=\"elementor-section elementor-top-section elementor-element elementor-element-0ebde46 elementor-section-full_width elementor-section-height-default elementor-section-height-default\" data-id=\"0ebde46\" data-element_type=\"section\" data-e-type=\"section\" data-settings=\"{&quot;jet_parallax_layout_list&quot;:[{&quot;jet_parallax_layout_image&quot;:{&quot;url&quot;:&quot;&quot;,&quot;id&quot;:&quot;&quot;,&quot;size&quot;:&quot;&quot;},&quot;_id&quot;:&quot;e9ac418&quot;,&quot;jet_parallax_layout_image_tablet&quot;:{&quot;url&quot;:&quot;&quot;,&quot;id&quot;:&quot;&quot;,&quot;size&quot;:&quot;&quot;},&quot;jet_parallax_layout_image_mobile&quot;:{&quot;url&quot;:&quot;&quot;,&quot;id&quot;:&quot;&quot;,&quot;size&quot;:&quot;&quot;},&quot;jet_parallax_layout_speed&quot;:{&quot;unit&quot;:&quot;%&quot;,&quot;size&quot;:50,&quot;sizes&quot;:[]},&quot;jet_parallax_layout_type&quot;:&quot;scroll&quot;,&quot;jet_parallax_layout_direction&quot;:&quot;1&quot;,&quot;jet_parallax_layout_fx_direction&quot;:null,&quot;jet_parallax_layout_z_index&quot;:&quot;&quot;,&quot;jet_parallax_layout_bg_x&quot;:50,&quot;jet_parallax_layout_bg_x_tablet&quot;:&quot;&quot;,&quot;jet_parallax_layout_bg_x_mobile&quot;:&quot;&quot;,&quot;jet_parallax_layout_bg_y&quot;:50,&quot;jet_parallax_layout_bg_y_tablet&quot;:&quot;&quot;,&quot;jet_parallax_layout_bg_y_mobile&quot;:&quot;&quot;,&quot;jet_parallax_layout_bg_size&quot;:&quot;auto&quot;,&quot;jet_parallax_layout_bg_size_tablet&quot;:&quot;&quot;,&quot;jet_parallax_layout_bg_size_mobile&quot;:&quot;&quot;,&quot;jet_parallax_layout_animation_prop&quot;:&quot;transform&quot;,&quot;jet_parallax_layout_on&quot;:[&quot;desktop&quot;,&quot;tablet&quot;]}]}\">\n\t\t\t\t\t\t<div class=\"elementor-container elementor-column-gap-default\">\n\t\t\t\t\t<div class=\"elementor-column elementor-col-100 elementor-top-column elementor-element elementor-element-84b7b1e\" data-id=\"84b7b1e\" data-element_type=\"column\" data-e-type=\"column\" data-settings=\"{&quot;background_background&quot;:&quot;classic&quot;}\">\n\t\t\t<div class=\"elementor-widget-wrap elementor-element-populated\">\n\t\t\t\t\t\t<div class=\"elementor-element elementor-element-e165c5c elementor-hidden-mobile elementor-widget elementor-widget-heading\" data-id=\"e165c5c\" data-element_type=\"widget\" data-e-type=\"widget\" data-widget_type=\"heading.default\">\n\t\t\t\t<div class=\"elementor-widget-container\">\n\t\t\t\t\t<h2 class=\"elementor-heading-title elementor-size-default\">WIE KAUFE ICH EINEN GESCHENKGUTSCHEIN?<\/h2>\t\t\t\t<\/div>\n\t\t\t\t<\/div>\n\t\t<div class=\"elementor-element elementor-element-63afdcf e-flex e-con-boxed e-con e-parent\" data-id=\"63afdcf\" data-element_type=\"container\" data-e-type=\"container\" data-settings=\"{&quot;jet_parallax_layout_list&quot;:[]}\">\n\t\t\t\t\t<div class=\"e-con-inner\">\n\t\t\t\t<div class=\"elementor-element elementor-element-4a777a0 elementor-widget elementor-widget-text-editor\" data-id=\"4a777a0\" data-element_type=\"widget\" data-e-type=\"widget\" data-widget_type=\"text-editor.default\">\n\t\t\t\t<div class=\"elementor-widget-container\">\n\t\t\t\t\t\t\t\t\t<h3 data-start=\"318\" data-end=\"356\">1. <strong data-start=\"325\" data-end=\"356\">Gehen Sie auf die Spendenseite<\/strong><\/h3>\n<p data-start=\"357\" data-end=\"464\">Klicken Sie auf die Schaltfl\u00e4che &#8222;Geschenkgutschein kaufen&#8220;, die Sie zu unserem offiziellen Formular auf DARUJME.sk weiterleitet.<\/p>\n<h3 data-start=\"471\" data-end=\"503\">2. <strong data-start=\"478\" data-end=\"503\">Geben Sie den Betrag der Spende ein<\/strong><\/h3>\n<ul data-start=\"504\" data-end=\"754\">\n<li data-start=\"504\" data-end=\"754\">\n<p data-start=\"506\" data-end=\"578\">Geben Sie den Betrag ein, der der Grundgeb\u00fchr f\u00fcr die ausgew\u00e4hlte Disziplin entspricht:<\/p>\n<ul data-start=\"581\" data-end=\"754\">\n<li data-start=\"581\" data-end=\"609\">\n<p data-start=\"583\" data-end=\"609\"><strong data-start=\"583\" data-end=\"597\">Halbmarathon<\/strong> &#8211; 30 \u20ac<\/p>\n<\/li>\n<li data-start=\"581\" data-end=\"609\">\n<p data-start=\"583\" data-end=\"609\"><strong data-start=\"614\" data-end=\"635\">Staffel (Team &#8211; 3 L\u00e4ufer)<\/strong> &#8211; 55 \u20ac<\/p>\n<\/li>\n<li data-start=\"650\" data-end=\"710\">\n<p data-start=\"652\" data-end=\"710\"><strong data-start=\"652\" data-end=\"691\">Familien- und Seniorenlauf (Einzelperson\/Familie)<\/strong> &#8211; 10 \u20ac \/ 25 \u20ac<\/p>\n<\/li>\n<li data-start=\"713\" data-end=\"754\">\n<p data-start=\"715\" data-end=\"754\"><strong data-start=\"715\" data-end=\"742\">Wohlt\u00e4tigkeitslauf f\u00fcr Oliver<\/strong> &#8211; 20 \u20ac<\/p>\n<\/li>\n<\/ul>\n<\/li>\n<\/ul>\n<p data-start=\"756\" data-end=\"837\">\ud83c\udf81 <em data-start=\"759\" data-end=\"799\">M\u00f6chten Sie ein T-Shirt oder eine M\u00fctze?<\/em><br data-start=\"799\" data-end=\"802\">Machen Sie eine <strong data-start=\"809\" data-end=\"834\">zus\u00e4tzliche freiwillige Spende<\/strong>:<\/p>\n<ul data-start=\"838\" data-end=\"898\">\n<li data-start=\"838\" data-end=\"863\">\n<p data-start=\"840\" data-end=\"863\">von <strong data-start=\"843\" data-end=\"852\">+30 \u20ac<\/strong> &#8211; t-shirt<\/p>\n<\/li>\n<li data-start=\"864\" data-end=\"898\">\n<p data-start=\"866\" data-end=\"898\">ab <strong data-start=\"869\" data-end=\"878\">+50 \u20ac<\/strong> &#8211; t-shirt + M\u00fctze<\/p>\n<\/li>\n<\/ul>\n<h3 data-start=\"905\" data-end=\"964\">3. <strong data-start=\"912\" data-end=\"964\">Markieren Sie die Option &#8222;Ich bin an einem Geschenkgutschein interessiert&#8220;.<\/strong><\/h3>\n<p data-start=\"965\" data-end=\"1076\">So wissen wir, dass die Spende nicht nur f\u00fcr die Unterst\u00fctzung gedacht ist, sondern dass Sie auch an einem bestimmten <strong data-start=\"1046\" data-end=\"1075\">Geschenkgutschein<\/strong> interessiert sind.<\/p>\n<h3 data-start=\"1083\" data-end=\"1131\">4. <strong data-start=\"1090\" data-end=\"1131\">W\u00e4hlen Sie die Disziplin, f\u00fcr die Sie spenden m\u00f6chten<\/strong><\/h3>\n<p data-start=\"1132\" data-end=\"1191\">W\u00e4hlen Sie eine der Disziplinen aus der Dropdown-Liste:<\/p>\n<ul data-start=\"1192\" data-end=\"1262\">\n<li data-start=\"1192\" data-end=\"1204\">\n<p data-start=\"1194\" data-end=\"1204\">Halbmarathon<\/p>\n<\/li>\n<li data-start=\"1205\" data-end=\"1214\">\n<p data-start=\"1207\" data-end=\"1214\">Relais<\/p>\n<\/li>\n<li data-start=\"1215\" data-end=\"1236\">\n<p data-start=\"1217\" data-end=\"1236\">Familien- und Seniorenlauf<\/p>\n<\/li>\n<li data-start=\"1237\" data-end=\"1262\">\n<p data-start=\"1239\" data-end=\"1262\">Wohlt\u00e4tigkeitslauf f\u00fcr Oliver<\/p>\n<\/li>\n<\/ul>\n<h3 data-start=\"1269\" data-end=\"1301\">5. <strong data-start=\"1276\" data-end=\"1301\">Kontaktinformationen ausf\u00fcllen<\/strong><\/h3>\n<p data-start=\"1302\" data-end=\"1382\">Geben Sie Ihren Namen, Ihre E-Mail-Adresse und eine Notiz ein &#8211; zum Beispiel, wem Sie den Gutschein schenken m\u00f6chten (optional).<\/p>\n<h3 data-start=\"1389\" data-end=\"1414\">6. <strong data-start=\"1396\" data-end=\"1414\">Vollst\u00e4ndige Bezahlung<\/strong><\/h3>\n<p data-start=\"1415\" data-end=\"1522\">Sie k\u00f6nnen <strong data-start=\"1430\" data-end=\"1440\">mit Karte<\/strong> oder <strong data-start=\"1451\" data-end=\"1471\">Google\/Apple Pay<\/strong> bezahlen. Nach erfolgreicher Zahlung erhalten Sie eine E-Mail-Best\u00e4tigung. <\/p>\n<h3 data-start=\"1529\" data-end=\"1572\">7. <strong data-start=\"1536\" data-end=\"1572\">Erhalten Sie einen Geschenkgutschein per E-Mail<\/strong><\/h3>\n<p data-start=\"1573\" data-end=\"1699\">Nach der Bearbeitung senden wir Ihnen einen personalisierten <strong data-start=\"1614\" data-end=\"1653\">elektronischen Geschenkgutschein (PDF)<\/strong>, den Sie an einen lieben Menschen oder Kollegen weitergeben k\u00f6nnen.<\/p>\n<p data-start=\"1706\" data-end=\"1842\">Die Belohnungen (T-Shirts und M\u00fctzen) werden von den Empf\u00e4ngern bei der Pr\u00e4sentation der L\u00e4ufer abgeholt 19. &#8211; 20. 09. 2025 oder wir werden sie ihm nach der Veranstaltung per Post zusenden. <\/p>\n\t\t\t\t\t\t\t\t<\/div>\n\t\t\t\t<\/div>\n\t\t\t\t\t<\/div>\n\t\t\t\t<\/div>\n\t\t\t\t\t<\/div>\n\t\t<\/div>\n\t\t\t\t\t<\/div>\n\t\t<\/section>\n\t\t\t\t<section class=\"elementor-section elementor-top-section elementor-element elementor-element-e071382 elementor-section-boxed elementor-section-height-default elementor-section-height-default\" data-id=\"e071382\" data-element_type=\"section\" data-e-type=\"section\" data-settings=\"{&quot;jet_parallax_layout_list&quot;:[{&quot;_id&quot;:&quot;99336a8&quot;,&quot;jet_parallax_layout_speed&quot;:{&quot;unit&quot;:&quot;%&quot;,&quot;size&quot;:&quot;&quot;,&quot;sizes&quot;:[]},&quot;jet_parallax_layout_bg_x&quot;:0,&quot;jet_parallax_layout_bg_y&quot;:0,&quot;jet_parallax_layout_bg_size&quot;:&quot;cover&quot;,&quot;jet_parallax_layout_animation_prop&quot;:&quot;bgposition&quot;,&quot;jet_parallax_layout_image&quot;:{&quot;url&quot;:&quot;&quot;,&quot;id&quot;:&quot;&quot;,&quot;size&quot;:&quot;&quot;},&quot;jet_parallax_layout_image_tablet&quot;:{&quot;url&quot;:&quot;&quot;,&quot;id&quot;:&quot;&quot;,&quot;size&quot;:&quot;&quot;},&quot;jet_parallax_layout_image_mobile&quot;:{&quot;url&quot;:&quot;&quot;,&quot;id&quot;:&quot;&quot;,&quot;size&quot;:&quot;&quot;},&quot;jet_parallax_layout_type&quot;:&quot;scroll&quot;,&quot;jet_parallax_layout_direction&quot;:&quot;1&quot;,&quot;jet_parallax_layout_fx_direction&quot;:null,&quot;jet_parallax_layout_z_index&quot;:&quot;&quot;,&quot;jet_parallax_layout_bg_x_tablet&quot;:&quot;&quot;,&quot;jet_parallax_layout_bg_x_mobile&quot;:&quot;&quot;,&quot;jet_parallax_layout_bg_y_tablet&quot;:&quot;&quot;,&quot;jet_parallax_layout_bg_y_mobile&quot;:&quot;&quot;,&quot;jet_parallax_layout_bg_size_tablet&quot;:&quot;&quot;,&quot;jet_parallax_layout_bg_size_mobile&quot;:&quot;&quot;,&quot;jet_parallax_layout_on&quot;:[&quot;desktop&quot;,&quot;tablet&quot;]}],&quot;background_background&quot;:&quot;classic&quot;}\">\n\t\t\t\t\t\t<div class=\"elementor-container elementor-column-gap-default\">\n\t\t\t\t\t<div class=\"elementor-column elementor-col-100 elementor-top-column elementor-element elementor-element-749b116\" data-id=\"749b116\" data-element_type=\"column\" data-e-type=\"column\">\n\t\t\t<div class=\"elementor-widget-wrap elementor-element-populated\">\n\t\t\t\t\t\t<div class=\"elementor-element elementor-element-a7fff23 elementor-widget__width-initial elementor-widget elementor-widget-heading\" data-id=\"a7fff23\" data-element_type=\"widget\" data-e-type=\"widget\" data-widget_type=\"heading.default\">\n\t\t\t\t<div class=\"elementor-widget-container\">\n\t\t\t\t\t<h1 class=\"elementor-heading-title elementor-size-default\"><strong data-start=\"213\" data-end=\"254\">Kaufen Sie einen Geschenkgutschein f\u00fcr den Eintrittspreis<\/strong><\/h1>\t\t\t\t<\/div>\n\t\t\t\t<\/div>\n\t\t\t\t<div class=\"elementor-element elementor-element-c17f8a1 elementor-widget__width-initial elementor-widget elementor-widget-text-editor\" data-id=\"c17f8a1\" data-element_type=\"widget\" data-e-type=\"widget\" data-widget_type=\"text-editor.default\">\n\t\t\t\t<div class=\"elementor-widget-container\">\n\t\t\t\t\t\t\t\t\t<p>Verschenken Sie ein originelles Sporterlebnis! W\u00e4hlen Sie die Disziplin, den Betrag und erfreuen Sie Ihre Liebsten mit einem Geschenk, das sie direkt an den Start des Oktoberfestlaufs Nitra 2025 bringt. <\/p>\n\t\t\t\t\t\t\t\t<\/div>\n\t\t\t\t<\/div>\n\t\t\t\t<div class=\"elementor-element elementor-element-fc41fe1 elementor-align-center elementor-widget elementor-widget-button\" data-id=\"fc41fe1\" data-element_type=\"widget\" data-e-type=\"widget\" data-widget_type=\"button.default\">\n\t\t\t\t<div class=\"elementor-widget-container\">\n\t\t\t\t\t\t\t\t\t<div class=\"elementor-button-wrapper\">\n\t\t\t\t\t<a class=\"elementor-button elementor-button-link elementor-size-sm\" href=\"https:\/\/jednoducho.darujme.sk\/oktoberfest-run-nitra-2025-virtualny-beh\/?referral_tag_id=d1c908c4-1834-4984-b34c-84b00f923cff\" target=\"_blank\">\n\t\t\t\t\t\t<span class=\"elementor-button-content-wrapper\">\n\t\t\t\t\t\t\t\t\t<span class=\"elementor-button-text\">Zum Kauf gehen<\/span>\n\t\t\t\t\t<\/span>\n\t\t\t\t\t<\/a>\n\t\t\t\t<\/div>\n\t\t\t\t\t\t\t\t<\/div>\n\t\t\t\t<\/div>\n\t\t\t\t\t<\/div>\n\t\t<\/div>\n\t\t\t\t\t<\/div>\n\t\t<\/section>\n\t\t\t\t<section class=\"elementor-section elementor-top-section elementor-element elementor-element-7c09cf4 elementor-section-full_width elementor-section-height-default elementor-section-height-default\" data-id=\"7c09cf4\" data-element_type=\"section\" data-e-type=\"section\" data-settings=\"{&quot;jet_parallax_layout_list&quot;:[{&quot;jet_parallax_layout_image&quot;:{&quot;url&quot;:&quot;&quot;,&quot;id&quot;:&quot;&quot;,&quot;size&quot;:&quot;&quot;},&quot;_id&quot;:&quot;e9ac418&quot;,&quot;jet_parallax_layout_image_tablet&quot;:{&quot;url&quot;:&quot;&quot;,&quot;id&quot;:&quot;&quot;,&quot;size&quot;:&quot;&quot;},&quot;jet_parallax_layout_image_mobile&quot;:{&quot;url&quot;:&quot;&quot;,&quot;id&quot;:&quot;&quot;,&quot;size&quot;:&quot;&quot;},&quot;jet_parallax_layout_speed&quot;:{&quot;unit&quot;:&quot;%&quot;,&quot;size&quot;:50,&quot;sizes&quot;:[]},&quot;jet_parallax_layout_type&quot;:&quot;scroll&quot;,&quot;jet_parallax_layout_direction&quot;:&quot;1&quot;,&quot;jet_parallax_layout_fx_direction&quot;:null,&quot;jet_parallax_layout_z_index&quot;:&quot;&quot;,&quot;jet_parallax_layout_bg_x&quot;:50,&quot;jet_parallax_layout_bg_x_tablet&quot;:&quot;&quot;,&quot;jet_parallax_layout_bg_x_mobile&quot;:&quot;&quot;,&quot;jet_parallax_layout_bg_y&quot;:50,&quot;jet_parallax_layout_bg_y_tablet&quot;:&quot;&quot;,&quot;jet_parallax_layout_bg_y_mobile&quot;:&quot;&quot;,&quot;jet_parallax_layout_bg_size&quot;:&quot;auto&quot;,&quot;jet_parallax_layout_bg_size_tablet&quot;:&quot;&quot;,&quot;jet_parallax_layout_bg_size_mobile&quot;:&quot;&quot;,&quot;jet_parallax_layout_animation_prop&quot;:&quot;transform&quot;,&quot;jet_parallax_layout_on&quot;:[&quot;desktop&quot;,&quot;tablet&quot;]}]}\">\n\t\t\t\t\t\t<div class=\"elementor-container elementor-column-gap-default\">\n\t\t\t\t\t<div class=\"elementor-column elementor-col-100 elementor-top-column elementor-element elementor-element-6367c2b\" data-id=\"6367c2b\" data-element_type=\"column\" data-e-type=\"column\" data-settings=\"{&quot;background_background&quot;:&quot;classic&quot;}\">\n\t\t\t<div class=\"elementor-widget-wrap elementor-element-populated\">\n\t\t\t\t\t\t<div class=\"elementor-element elementor-element-49b4218 elementor-widget elementor-widget-jet-countdown-timer\" data-id=\"49b4218\" data-element_type=\"widget\" data-e-type=\"widget\" data-widget_type=\"jet-countdown-timer.default\">\n\t\t\t\t<div class=\"elementor-widget-container\">\n\t\t\t\t\t<div class=\"elementor-jet-countdown-timer jet-elements\">\n<div class=\"jet-countdown-timer\" data-type=\"due_date\" data-due-date=\"1758355200\">\n\t<div class=\"jet-countdown-timer__item item-days\">\n\t<div class=\"jet-countdown-timer__item-value\" data-value=\"days\"><span class=\"jet-countdown-timer__digit\">0<\/span><span class=\"jet-countdown-timer__digit\">0<\/span><\/div>\n\t<div class=\"jet-countdown-timer__item-label\">Tage<\/div><\/div>\n\t<div class=\"jet-countdown-timer__item item-hours\">\n\t<div class=\"jet-countdown-timer__item-value\" data-value=\"hours\"><span class=\"jet-countdown-timer__digit\">0<\/span><span class=\"jet-countdown-timer__digit\">0<\/span><\/div>\n\t<div class=\"jet-countdown-timer__item-label\">Stunden<\/div><\/div>\n\t<div class=\"jet-countdown-timer__item item-minutes\">\n\t<div class=\"jet-countdown-timer__item-value\" data-value=\"minutes\"><span class=\"jet-countdown-timer__digit\">0<\/span><span class=\"jet-countdown-timer__digit\">0<\/span><\/div>\n\t<div class=\"jet-countdown-timer__item-label\">Protokoll<\/div><\/div>\n\t<div class=\"jet-countdown-timer__item item-seconds\">\n\t<div class=\"jet-countdown-timer__item-value\" data-value=\"seconds\"><span class=\"jet-countdown-timer__digit\">0<\/span><span class=\"jet-countdown-timer__digit\">0<\/span><\/div>\n\t<div class=\"jet-countdown-timer__item-label\">Sekunden<\/div><\/div>\n<\/div>\n\n<\/div>\t\t\t\t<\/div>\n\t\t\t\t<\/div>\n\t\t\t\t\t<\/div>\n\t\t<\/div>\n\t\t\t\t\t<\/div>\n\t\t<\/section>\n\t\t\t\t<\/div>\n\t\t","protected":false},"excerpt":{"rendered":"<p>WIE KAUFE ICH EINEN GESCHENKGUTSCHEIN? 1. Gehen Sie auf die Spendenseite Klicken Sie auf die Schaltfl\u00e4che &#8222;Geschenkgutschein kaufen&#8220;, die Sie [&hellip;]<\/p>\n","protected":false},"author":1,"featured_media":0,"parent":0,"menu_order":0,"comment_status":"closed","ping_status":"closed","template":"elementor_header_footer","meta":{"_acf_changed":false,"site-sidebar-layout":"default","site-content-layout":"","ast-site-content-layout":"default","site-content-style":"default","site-sidebar-style":"default","ast-global-header-display":"","ast-banner-title-visibility":"","ast-main-header-display":"","ast-hfb-above-header-display":"","ast-hfb-below-header-display":"","ast-hfb-mobile-header-display":"","site-post-title":"","ast-breadcrumbs-content":"","ast-featured-img":"","footer-sml-layout":"","ast-disable-related-posts":"","theme-transparent-header-meta":"","adv-header-id-meta":"","stick-header-meta":"","header-above-stick-meta":"","header-main-stick-meta":"","header-below-stick-meta":"","astra-migrate-meta-layouts":"default","ast-page-background-enabled":"default","ast-page-background-meta":{"desktop":{"background-color":"var(--ast-global-color-5)","background-image":"","background-repeat":"repeat","background-position":"center center","background-size":"auto","background-attachment":"scroll","background-type":"","background-media":"","overlay-type":"","overlay-color":"","overlay-opacity":"","overlay-gradient":""},"tablet":{"background-color":"","background-image":"","background-repeat":"repeat","background-position":"center center","background-size":"auto","background-attachment":"scroll","background-type":"","background-media":"","overlay-type":"","overlay-color":"","overlay-opacity":"","overlay-gradient":""},"mobile":{"background-color":"","background-image":"","background-repeat":"repeat","background-position":"center center","background-size":"auto","background-attachment":"scroll","background-type":"","background-media":"","overlay-type":"","overlay-color":"","overlay-opacity":"","overlay-gradient":""}},"ast-content-background-meta":{"desktop":{"background-color":"var(--ast-global-color-4)","background-image":"","background-repeat":"repeat","background-position":"center center","background-size":"auto","background-attachment":"scroll","background-type":"","background-media":"","overlay-type":"","overlay-color":"","overlay-opacity":"","overlay-gradient":""},"tablet":{"background-color":"var(--ast-global-color-4)","background-image":"","background-repeat":"repeat","background-position":"center center","background-size":"auto","background-attachment":"scroll","background-type":"","background-media":"","overlay-type":"","overlay-color":"","overlay-opacity":"","overlay-gradient":""},"mobile":{"background-color":"var(--ast-global-color-4)","background-image":"","background-repeat":"repeat","background-position":"center center","background-size":"auto","background-attachment":"scroll","background-type":"","background-media":"","overlay-type":"","overlay-color":"","overlay-opacity":"","overlay-gradient":""}},"advanced_seo_description":"","jetpack_seo_html_title":"","jetpack_seo_noindex":false,"footnotes":""},"class_list":["post-4814","page","type-page","status-publish","hentry"],"acf":[],"jetpack_sharing_enabled":true,"_links":{"self":[{"href":"https:\/\/oktoberfestrun.sk\/de\/wp-json\/wp\/v2\/pages\/4814","targetHints":{"allow":["GET"]}}],"collection":[{"href":"https:\/\/oktoberfestrun.sk\/de\/wp-json\/wp\/v2\/pages"}],"about":[{"href":"https:\/\/oktoberfestrun.sk\/de\/wp-json\/wp\/v2\/types\/page"}],"author":[{"embeddable":true,"href":"https:\/\/oktoberfestrun.sk\/de\/wp-json\/wp\/v2\/users\/1"}],"replies":[{"embeddable":true,"href":"https:\/\/oktoberfestrun.sk\/de\/wp-json\/wp\/v2\/comments?post=4814"}],"version-history":[{"count":6,"href":"https:\/\/oktoberfestrun.sk\/de\/wp-json\/wp\/v2\/pages\/4814\/revisions"}],"predecessor-version":[{"id":4878,"href":"https:\/\/oktoberfestrun.sk\/de\/wp-json\/wp\/v2\/pages\/4814\/revisions\/4878"}],"wp:attachment":[{"href":"https:\/\/oktoberfestrun.sk\/de\/wp-json\/wp\/v2\/media?parent=4814"}],"curies":[{"name":"wp","href":"https:\/\/api.w.org\/{rel}","templated":true}]}}