{"id":2749,"date":"2025-01-08T19:17:38","date_gmt":"2025-01-08T18:17:38","guid":{"rendered":"https:\/\/oktoberfestrun.sk\/datenschutzbestimmungen\/"},"modified":"2025-01-08T19:23:33","modified_gmt":"2025-01-08T18:23:33","slug":"datenschutzbestimmungen","status":"publish","type":"page","link":"https:\/\/oktoberfestrun.sk\/de\/datenschutzbestimmungen\/","title":{"rendered":"Datenschutzbestimmungen"},"content":{"rendered":"\n<p><strong>Letzte Aktualisierung: 17. August 2024 <\/strong><\/p>\n\n<p>Dieses Dokument beschreibt unsere Richtlinien und Praktiken in Bezug auf die Erfassung, Verwendung und Weitergabe Ihrer Daten, wenn Sie unseren Service nutzen, und informiert Sie \u00fcber Ihre Datenschutzrechte und wie das Gesetz Sie sch\u00fctzt.<\/p>\n\n<p>Wir verwenden Ihre pers\u00f6nlichen Daten, um unseren Service anzubieten und zu verbessern. Indem Sie den Service nutzen, stimmen Sie der Erfassung und Verwendung von Informationen gem\u00e4\u00df diesem Dokument zu. Dieses Dokument wurde in \u00dcbereinstimmung mit der europ\u00e4ischen Datenschutzgrundverordnung (GDPR) und dem slowakischen Gesetz Nr. 18\/2018 Slg. \u00fcber den Schutz personenbezogener Daten erstellt.    <\/p>\n\n<h3 class=\"wp-block-heading\">Auslegung und Definitionen<\/h3>\n\n<h4 class=\"wp-block-heading\">Interpretation<\/h4>\n\n<p>W\u00f6rter, deren Anfangsbuchstabe gro\u00df geschrieben wird, haben die unter den folgenden Bedingungen definierte Bedeutung. Die folgenden Definitionen haben die gleiche Bedeutung, unabh\u00e4ngig davon, ob sie im Singular oder Plural vorkommen. <\/p>\n\n<h4 class=\"wp-block-heading\">Definitionen<\/h4>\n\n<p>F\u00fcr die Zwecke dieses Dokuments:<\/p>\n\n<ul class=\"wp-block-list\">\n<li><strong>Konto<\/strong> bezeichnet ein einzigartiges Konto, das f\u00fcr Sie erstellt wurde, um auf unseren Service oder Teile davon zuzugreifen.<\/li>\n\n\n\n<li><strong>Verbundenes Unternehmen<\/strong> bedeutet ein Unternehmen, das eine Partei kontrolliert, von ihr kontrolliert wird oder unter gemeinsamer Kontrolle mit ihr steht, wobei &#8222;Kontrolle&#8220; den Besitz von 50 % oder mehr der Aktien, Anteile oder anderer Wertpapiere bedeutet, die zur Wahl der Direktoren oder anderer leitender Organe berechtigt sind.<\/li>\n\n\n\n<li><strong>Das Unternehmen<\/strong> (im Folgenden als &#8222;Unternehmen&#8220;, &#8222;wir&#8220;, &#8222;uns&#8220; oder &#8222;unser&#8220; bezeichnet) bezieht sich auf Edumood s.r.o., V\u00fdstavn\u00e1 646\/7, 949 01 Nitra.<\/li>\n\n\n\n<li><strong>Cookies<\/strong> sind kleine Dateien, die von einer Website auf Ihrem Computer, Ihrem mobilen Ger\u00e4t oder einem anderen Ger\u00e4t abgelegt werden und Details zu Ihrem Surfverhalten auf dieser Website sowie andere Informationen enthalten.<\/li>\n\n\n\n<li><strong>Land<\/strong> bezieht sich auf.<\/li>\n\n\n\n<li><strong>Ger\u00e4t<\/strong> bezeichnet jedes Ger\u00e4t, das auf den Service zugreifen kann, wie z.B. einen Computer, ein Mobiltelefon oder ein digitales Tablet.<\/li>\n\n\n\n<li><strong>Personenbezogene Daten<\/strong> sind alle Informationen, die sich auf eine identifizierte oder identifizierbare Person beziehen.<\/li>\n\n\n\n<li><strong>Der Service<\/strong> gilt f\u00fcr die Website.<\/li>\n\n\n\n<li><strong>Dienstanbieter<\/strong> bezeichnet jede nat\u00fcrliche oder juristische Person, die Daten im Auftrag des Unternehmens verarbeitet. Dies schlie\u00dft Dritte oder Personen ein, die vom Unternehmen angestellt sind, um die Bereitstellung des Dienstes zu erleichtern, den Dienst im Namen des Unternehmens bereitzustellen, Dienstleistungen im Zusammenhang mit dem Dienst zu erbringen oder das Unternehmen bei der Analyse der Nutzung des Dienstes zu unterst\u00fctzen. <\/li>\n\n\n\n<li><strong>Nutzungsdaten<\/strong> beziehen sich auf automatisch erfasste Daten, die entweder durch die Nutzung des Dienstes oder durch die Infrastruktur des Dienstes selbst erzeugt werden (z. B. die Dauer eines Seitenbesuchs).<\/li>\n\n\n\n<li>Die <strong>Website<\/strong> verweist auf den Oktoberfestlauf, den Sie unter <a href=\"https:\/\/oktoberfestrun.sk\/de\/\">https:\/\/oktoberfestrun.sk finden.<\/a><\/li>\n\n\n\n<li><strong>Sie<\/strong> sind die nat\u00fcrliche Person, die auf den Dienst zugreift oder ihn nutzt, bzw. das Unternehmen oder die andere juristische Person, in deren Namen eine solche nat\u00fcrliche Person auf den Dienst zugreift oder ihn nutzt, je nach Fall.<\/li>\n<\/ul>\n\n<h3 class=\"wp-block-heading\">Erhebung und Verwendung Ihrer pers\u00f6nlichen Daten<\/h3>\n\n<h4 class=\"wp-block-heading\">Arten von gesammelten Daten<\/h4>\n\n<h5 class=\"wp-block-heading\">Pers\u00f6nliche Daten<\/h5>\n\n<p>Wenn Sie unseren Service nutzen, bitten wir Sie m\u00f6glicherweise um die Angabe bestimmter personenbezogener Daten, die dazu verwendet werden k\u00f6nnen, Sie zu kontaktieren oder zu identifizieren. Beispiele f\u00fcr pers\u00f6nliche Informationen, die wir sammeln k\u00f6nnen, sind: <\/p>\n\n<ul class=\"wp-block-list\">\n<li>Daten zur Nutzung<\/li>\n<\/ul>\n\n<h5 class=\"wp-block-heading\">Daten zur Nutzung<\/h5>\n\n<p>Nutzungsdaten werden automatisch erfasst, wenn Sie den Service nutzen.<\/p>\n\n<p>Zu den Nutzungsdaten k\u00f6nnen Informationen wie die Internetprotokolladresse Ihres Ger\u00e4ts (z.B. IP-Adresse), der Browsertyp, die Browserversion, die von Ihnen besuchten Seiten unseres Dienstes, die Uhrzeit und das Datum Ihres Besuchs, die auf diesen Seiten verbrachte Zeit, eindeutige Ger\u00e4tekennungen und andere Diagnosedaten geh\u00f6ren.<\/p>\n\n<p>Wenn Sie \u00fcber ein mobiles Ger\u00e4t auf den Dienst zugreifen, k\u00f6nnen wir automatisch bestimmte Informationen erfassen, einschlie\u00dflich, aber nicht beschr\u00e4nkt auf die Art des von Ihnen verwendeten mobilen Ger\u00e4ts, die eindeutige ID Ihres mobilen Ger\u00e4ts, die IP-Adresse Ihres mobilen Ger\u00e4ts, Ihr mobiles Betriebssystem, die Art des von Ihnen verwendeten mobilen Webbrowsers, eindeutige Ger\u00e4tekennungen und andere Diagnosedaten.<\/p>\n\n<p>Wir k\u00f6nnen auch Informationen sammeln, die Ihr Browser sendet, wenn Sie unseren Service besuchen oder wenn Sie \u00fcber ein mobiles Ger\u00e4t auf den Service zugreifen.<\/p>\n\n<h5 class=\"wp-block-heading\">Tracking-Technologien und Cookies<\/h5>\n\n<p>Wir verwenden Cookies und \u00e4hnliche Tracking-Technologien, um Aktivit\u00e4ten in unserem Service zu verfolgen und bestimmte Informationen zu speichern. Zu den von uns verwendeten Tracking-Technologien k\u00f6nnen Beacons, Tags und Skripte geh\u00f6ren, um Informationen zu sammeln und zu verfolgen und um unseren Service zu verbessern und zu analysieren. Zu den von uns verwendeten Technologien k\u00f6nnen geh\u00f6ren:  <\/p>\n\n<ul class=\"wp-block-list\">\n<li><strong>Cookies oder Browser-Cookies.<\/strong>  Ein Cookie ist eine kleine Datei, die auf Ihrem Ger\u00e4t gespeichert wird. Sie k\u00f6nnen Ihren Browser so einstellen, dass alle Cookies abgelehnt werden oder dass Sie benachrichtigt werden, wenn ein Cookie gesendet wird. Wenn Sie jedoch keine Cookies akzeptieren, k\u00f6nnen Sie m\u00f6glicherweise einige Teile unseres Dienstes nicht nutzen. Sofern Sie Ihren Browser nicht so eingestellt haben, dass er Cookies ablehnt, kann unser Service Cookies verwenden.   <\/li>\n\n\n\n<li><strong>Web-Beacons.<\/strong>  Einige Teile unseres Dienstes und unserer E-Mails k\u00f6nnen kleine elektronische Dateien enthalten, die als Web Beacons (auch Clear Gifs, Pixel Tags und Single-Pixel Gifs genannt) bekannt sind und die es dem Unternehmen beispielsweise erm\u00f6glichen, die Benutzer zu z\u00e4hlen, die diese Seiten besucht oder eine E-Mail ge\u00f6ffnet haben, sowie andere damit verbundene Website-Statistiken zu erstellen (z. B. die Popularit\u00e4t eines bestimmten Bereichs aufzuzeichnen und die System- und Serverintegrit\u00e4t zu \u00fcberpr\u00fcfen).<\/li>\n<\/ul>\n\n<p>Cookies k\u00f6nnen &#8222;permanente&#8220; oder &#8222;Sitzungscookies&#8220; sein. Dauerhafte Cookies verbleiben auf Ihrem Computer oder mobilen Ger\u00e4t, wenn Sie offline gehen, w\u00e4hrend Sitzungscookies gel\u00f6scht werden, sobald Sie Ihren Webbrowser schlie\u00dfen. Weitere Informationen \u00fcber Cookies finden Sie bei <a href=\"https:\/\/www.termsfeed.com\/blog\/cookies\/#What_Are_Cookies\">TermsFeed<\/a>.  <\/p>\n\n<p>Wir verwenden beide Arten von Cookies f\u00fcr die unten aufgef\u00fchrten Zwecke:<\/p>\n\n<ul class=\"wp-block-list\">\n<li><strong>Erforderliche\/essentielle Cookies<\/strong>\n<ul class=\"wp-block-list\">\n<li>Typ:Session Cookies<\/li>\n\n\n\n<li>Von uns verwaltet<\/li>\n\n\n\n<li>Zweck: Diese Cookies sind notwendig, um Dienste \u00fcber die Website bereitzustellen und die Nutzung einiger ihrer Funktionen zu erm\u00f6glichen. Sie helfen dabei, Benutzer zu authentifizieren und die betr\u00fcgerische Nutzung von Benutzerkonten zu verhindern. Ohne diese Cookies k\u00f6nnen wir die von Ihnen angeforderten Dienste nicht anbieten und verwenden sie nur, um diese Dienste bereitzustellen.  <\/li>\n<\/ul>\n<\/li>\n\n\n\n<li><strong>Cookie-Richtlinie\/Benachrichtigung \u00fcber den Erhalt von Cookies<\/strong>\n<ul class=\"wp-block-list\">\n<li>Typ: dauerhafte Cookies<\/li>\n\n\n\n<li>Von uns verwaltet<\/li>\n\n\n\n<li>Zweck: Diese Cookies zeigen an, ob die Benutzer die Verwendung von Cookies auf der Website akzeptiert haben.<\/li>\n<\/ul>\n<\/li>\n\n\n\n<li><strong>Funktionale Cookies<\/strong>\n<ul class=\"wp-block-list\">\n<li>Typ: dauerhafte Cookies<\/li>\n\n\n\n<li>Von uns verwaltet<\/li>\n\n\n\n<li>Zweck: Diese Cookies erm\u00f6glichen es uns, die von Ihnen bei der Nutzung der Website getroffenen Entscheidungen zu speichern, z. B. Ihre Anmeldedaten oder Ihre Spracheinstellungen, um Ihnen ein pers\u00f6nlicheres Erlebnis zu bieten und zu vermeiden, dass Sie Ihre Einstellungen jedes Mal neu eingeben m\u00fcssen. <\/li>\n<\/ul>\n<\/li>\n<\/ul>\n\n<p>Weitere Informationen \u00fcber die von uns verwendeten Cookies und Ihre Optionen in Bezug auf Cookies finden Sie in unserer Cookie-Richtlinie oder im Abschnitt Cookies in diesem Dokument.<\/p>\n\n<h3 class=\"wp-block-heading\">Verwendung Ihrer pers\u00f6nlichen Daten<\/h3>\n\n<p>Das Unternehmen kann personenbezogene Daten f\u00fcr die folgenden Zwecke verwenden:<\/p>\n\n<ul class=\"wp-block-list\">\n<li><strong>Zur Bereitstellung und Pflege unseres Service<\/strong>, einschlie\u00dflich der Nachverfolgung der Nutzung unseres Service.<\/li>\n\n\n\n<li><strong>Um Ihr Konto zu verwalten:<\/strong> um Ihre Registrierung als Nutzer des Dienstes zu verwalten. Die von Ihnen zur Verf\u00fcgung gestellten pers\u00f6nlichen Daten k\u00f6nnen Ihnen Zugang zu verschiedenen Funktionen des Dienstes verschaffen, die Ihnen als registriertem Nutzer zur Verf\u00fcgung stehen. <\/li>\n\n\n\n<li><strong>Zur Erf\u00fcllung eines Vertrages:<\/strong> um einen Kaufvertrag f\u00fcr Produkte, Artikel oder Dienstleistungen, die Sie gekauft haben, oder einen anderen Vertrag mit uns \u00fcber den Service zu entwickeln, zu erf\u00fcllen und auszuf\u00fchren.<\/li>\n\n\n\n<li><strong>Um mit Ihnen in Kontakt zu treten:<\/strong> um Sie per E-Mail, Telefonanruf, SMS oder andere gleichwertige Formen der elektronischen Kommunikation zu kontaktieren, wie z.B. Push-Benachrichtigungen in mobilen Anwendungen bez\u00fcglich Updates oder Informationsmitteilungen im Zusammenhang mit Funktionen, Produkten oder Dienstleistungen, die Sie erworben haben.<\/li>\n\n\n\n<li><strong>Um Ihnen Neuigkeiten, Sonderangebote und allgemeine Informationen zukommen zu lassen:<\/strong> um Ihnen Informationen \u00fcber andere Waren, Dienstleistungen und Veranstaltungen zukommen zu lassen, die wir anbieten und die denen \u00e4hnlich sind, die Sie bereits gekauft oder f\u00fcr die Sie sich interessiert haben, es sei denn, Sie haben darum gebeten, solche Informationen nicht zu erhalten.<\/li>\n\n\n\n<li><strong>Um Ihre Anfragen zu verwalten: um<\/strong> die Anfragen zu verwalten, die Sie an uns richten.<\/li>\n\n\n\n<li><strong>F\u00fcr Gesch\u00e4fts\u00fcbertragungen:<\/strong> Wir k\u00f6nnen Ihre Daten verwenden, um eine Fusion, Ausgliederung, Umstrukturierung, Reorganisation, Aufl\u00f6sung oder einen anderen Verkauf oder eine \u00dcbertragung einiger oder aller unserer Verm\u00f6genswerte zu bewerten oder durchzuf\u00fchren, sei es als Teil eines laufenden Unternehmens oder als Teil eines Konkurses, einer Liquidation oder eines \u00e4hnlichen Prozesses, bei dem die pers\u00f6nlichen Daten, die wir \u00fcber unsere Dienstleistungsnutzer besitzen, Teil der \u00fcbertragenen Verm\u00f6genswerte sind.<\/li>\n\n\n\n<li><strong>Andere Zwecke:<\/strong> Wir k\u00f6nnen Ihre Daten f\u00fcr andere Zwecke verwenden, wie z.B. die Analyse von Daten, die Ermittlung von Nutzungstrends, die Bestimmung der Effektivit\u00e4t unserer Werbekampagnen und die Bewertung und Verbesserung unseres Service, unserer Produkte, Dienstleistungen, unseres Marketings und Ihrer Erfahrungen.<\/li>\n<\/ul>\n\n<h3 class=\"wp-block-heading\">Weitergabe Ihrer pers\u00f6nlichen Daten<\/h3>\n\n<p>Wir k\u00f6nnen Ihre pers\u00f6nlichen Daten in den folgenden Situationen weitergeben:<\/p>\n\n<ul class=\"wp-block-list\">\n<li><strong>Mit Dienstleistern:<\/strong> Wir k\u00f6nnen Ihre pers\u00f6nlichen Daten an Dienstleister weitergeben, um die Nutzung unseres Dienstes zu \u00fcberwachen und zu analysieren und um Sie zu kontaktieren.<\/li>\n\n\n\n<li><strong>F\u00fcr Gesch\u00e4fts\u00fcbertragungen:<\/strong> Wir k\u00f6nnen Ihre pers\u00f6nlichen Daten im Zusammenhang mit einer Fusion, dem Verkauf von Unternehmensverm\u00f6gen, einer Finanzierung oder der \u00dcbernahme unseres gesamten oder eines Teils unseres Unternehmens durch ein anderes Unternehmen weitergeben oder \u00fcbertragen.<\/li>\n\n\n\n<li><strong>Mit unseren verbundenen Unternehmen:<\/strong> Wir k\u00f6nnen Ihre Daten an unsere verbundenen Unternehmen weitergeben, und wir werden von diesen Unternehmen verlangen, dass sie sich an dieses Dokument halten. Zu den verbundenen Unternehmen geh\u00f6ren unsere Muttergesellschaft und alle anderen Tochtergesellschaften, Joint Ventures oder andere Unternehmen, die wir kontrollieren oder die unter gemeinsamer Kontrolle mit uns stehen. <\/li>\n\n\n\n<li><strong>Mit Gesch\u00e4ftspartnern:<\/strong> Wir k\u00f6nnen Ihre Daten an unsere Gesch\u00e4ftspartner weitergeben, um bestimmte Produkte, Dienstleistungen oder Werbeaktionen anzubieten.<\/li>\n\n\n\n<li><strong>Mit anderen Nutzern:<\/strong> Wenn Sie pers\u00f6nliche Informationen weitergeben oder auf andere Weise in \u00f6ffentlichen Bereichen mit anderen Benutzern interagieren, k\u00f6nnen diese Informationen f\u00fcr alle Benutzer sichtbar sein und au\u00dferhalb des Dienstes \u00f6ffentlich verbreitet werden.<\/li>\n\n\n\n<li><strong>Mit Ihrem Einverst\u00e4ndnis:<\/strong> Mit Ihrem Einverst\u00e4ndnis k\u00f6nnen wir Ihre pers\u00f6nlichen Daten f\u00fcr jeden anderen Zweck weitergeben.<\/li>\n<\/ul>\n\n<h3 class=\"wp-block-heading\">Aufbewahrung Ihrer pers\u00f6nlichen Daten<\/h3>\n\n<p>Das Unternehmen wird Ihre personenbezogenen Daten nur so lange aufbewahren, wie es zur Erreichung der in diesem Dokument dargelegten Zwecke erforderlich ist. Wir werden Ihre personenbezogenen Daten in dem Umfang aufbewahren und verwenden, der erforderlich ist, um unseren rechtlichen Verpflichtungen nachzukommen (z. B. wenn wir Ihre Daten aufbewahren m\u00fcssen, um geltende Gesetze einzuhalten), Streitigkeiten beizulegen und unsere rechtlichen Vereinbarungen und Richtlinien durchzusetzen. <\/p>\n\n<p>Das Unternehmen speichert die Nutzungsdaten auch f\u00fcr interne Analysezwecke. Nutzungsdaten werden in der Regel f\u00fcr k\u00fcrzere Zeitr\u00e4ume aufbewahrt, es sei denn, die Daten werden zur Erh\u00f6hung der Sicherheit oder zur Verbesserung der Funktionalit\u00e4t unseres Dienstes verwendet oder wir sind gesetzlich verpflichtet, die Daten f\u00fcr einen l\u00e4ngeren Zeitraum aufzubewahren. <\/p>\n\n<h3 class=\"wp-block-heading\">\u00dcbermittlung Ihrer pers\u00f6nlichen Daten<\/h3>\n\n<p>Ihre Informationen, einschlie\u00dflich personenbezogener Daten, werden in den Betriebsb\u00fcros des Unternehmens und an allen anderen Standorten verarbeitet, an denen die an der Verarbeitung beteiligten Parteien ans\u00e4ssig sind. Das bedeutet, dass diese Informationen an Computer au\u00dferhalb Ihres Staates, Ihrer Provinz, Ihres Landes oder einer anderen staatlichen Gerichtsbarkeit, in der die Datenschutzgesetze von denen in Ihrer Gerichtsbarkeit abweichen k\u00f6nnen, \u00fcbertragen und dort gespeichert werden k\u00f6nnen. <\/p>\n\n<p>Mit Ihrer Zustimmung zu diesem Dokument und der anschlie\u00dfenden \u00dcbermittlung dieser Informationen erkl\u00e4ren Sie sich mit einer solchen \u00dcbermittlung einverstanden.<\/p>\n\n<p>Das Unternehmen ergreift alle notwendigen Ma\u00dfnahmen, um sicherzustellen, dass Ihre Daten sicher und in \u00dcbereinstimmung mit diesem Dokument verarbeitet werden. Es findet keine \u00dcbermittlung Ihrer pers\u00f6nlichen Daten an eine Organisation oder ein Land statt, wenn nicht angemessene Kontrollen vorhanden sind, einschlie\u00dflich der Sicherheit Ihrer Daten und anderer pers\u00f6nlicher Informationen.<\/p>\n\n<h3 class=\"wp-block-heading\">L\u00f6schung Ihrer pers\u00f6nlichen Daten<\/h3>\n\n<p>Sie haben das Recht auf L\u00f6schung oder k\u00f6nnen uns bitten, Ihnen bei der L\u00f6schung der von uns \u00fcber Sie erfassten personenbezogenen Daten zu helfen.<\/p>\n\n<p>Unser Service kann es Ihnen erm\u00f6glichen, bestimmte Informationen \u00fcber Sie innerhalb des Service zu l\u00f6schen.<\/p>\n\n<p>Sie k\u00f6nnen Ihre Daten jederzeit aktualisieren, bearbeiten oder l\u00f6schen, indem Sie sich in Ihr Konto einloggen, falls Sie eines haben, und den Bereich Kontoeinstellungen besuchen, in dem Sie Ihre pers\u00f6nlichen Daten verwalten k\u00f6nnen. Sie k\u00f6nnen sich auch mit uns in Verbindung setzen, um Zugang zu den von Ihnen zur Verf\u00fcgung gestellten pers\u00f6nlichen Daten zu erhalten, diese zu korrigieren oder zu l\u00f6schen. <\/p>\n\n<p>Bitte beachten Sie jedoch, dass wir bestimmte Informationen unter Umst\u00e4nden aufbewahren m\u00fcssen, wenn wir dazu gesetzlich verpflichtet sind oder eine gesetzliche Grundlage haben.<\/p>\n\n<h3 class=\"wp-block-heading\">Offenlegung Ihrer pers\u00f6nlichen Daten<\/h3>\n\n<h4 class=\"wp-block-heading\">Gesch\u00e4ftliche Transaktionen<\/h4>\n\n<p>Wenn das Unternehmen an einer Fusion, einer \u00dcbernahme oder einem Verkauf von Verm\u00f6genswerten beteiligt ist, k\u00f6nnen Ihre pers\u00f6nlichen Daten \u00fcbertragen werden. Wir werden Sie dar\u00fcber informieren, bevor Ihre pers\u00f6nlichen Daten \u00fcbertragen werden und dann einer anderen Datenschutzrichtlinie unterliegen. <\/p>\n\n<h4 class=\"wp-block-heading\">Vollstreckung<\/h4>\n\n<p>Unter bestimmten Umst\u00e4nden kann das Unternehmen verpflichtet sein, Ihre pers\u00f6nlichen Daten offenzulegen, wenn dies gesetzlich vorgeschrieben ist oder als Reaktion auf berechtigte Anfragen von Beh\u00f6rden (z.B. eines Gerichts oder einer Regierungsbeh\u00f6rde).<\/p>\n\n<h4 class=\"wp-block-heading\">Andere gesetzliche Anforderungen<\/h4>\n\n<p>Das Unternehmen kann Ihre pers\u00f6nlichen Daten offenlegen, wenn es in gutem Glauben davon ausgeht, dass eine solche Ma\u00dfnahme notwendig ist, um:<\/p>\n\n<ul class=\"wp-block-list\">\n<li>Einhaltung einer gesetzlichen Verpflichtung<\/li>\n\n\n\n<li>Schutz und Verteidigung der Rechte oder des Eigentums des Unternehmens<\/li>\n\n\n\n<li>Verhinderung oder Untersuchung von m\u00f6glichem Fehlverhalten im Zusammenhang mit dem Dienst<\/li>\n\n\n\n<li>Schutz der pers\u00f6nlichen Sicherheit von Dienstleistungsnutzern oder der \u00d6ffentlichkeit<\/li>\n\n\n\n<li>Schutz vor rechtlicher Haftung<\/li>\n<\/ul>\n\n<h3 class=\"wp-block-heading\">Sicherheit Ihrer pers\u00f6nlichen Daten<\/h3>\n\n<p>Die Sicherheit Ihrer pers\u00f6nlichen Daten ist uns wichtig, aber bitte denken Sie daran, dass keine Methode der \u00dcbertragung \u00fcber das Internet oder der elektronischen Speicherung zu 100% sicher ist. Obwohl wir uns bem\u00fchen, wirtschaftlich angemessene Mittel zum Schutz Ihrer pers\u00f6nlichen Daten einzusetzen, k\u00f6nnen wir deren absolute Sicherheit nicht garantieren. <\/p>\n\n<h3 class=\"wp-block-heading\">Schutz der pers\u00f6nlichen Daten von Kindern<\/h3>\n\n<p>Unser Service richtet sich nicht an Personen unter 13 Jahren. Wir sammeln nicht wissentlich pers\u00f6nliche Daten von Personen unter 13 Jahren. Wenn Sie ein Elternteil oder Erziehungsberechtigter sind und wissen, dass Ihr Kind uns personenbezogene Daten zur Verf\u00fcgung gestellt hat, kontaktieren Sie uns bitte. Wenn wir erfahren, dass wir personenbezogene Daten von Personen unter 13 Jahren gesammelt haben, ohne die Zustimmung der Eltern zu \u00fcberpr\u00fcfen, werden wir Schritte unternehmen, um diese Daten von unseren Servern zu entfernen.   <\/p>\n\n<p>Wenn wir uns auf die Zustimmung als Rechtsgrundlage f\u00fcr die Verarbeitung Ihrer Daten st\u00fctzen m\u00fcssen und Ihr Land eine elterliche Zustimmung erfordert, k\u00f6nnen wir die Zustimmung Ihrer Eltern verlangen, bevor wir diese Daten sammeln und verwenden.<\/p>\n\n<h3 class=\"wp-block-heading\">Links zu anderen Websites<\/h3>\n\n<p>Unser Service kann Links zu anderen Websites enthalten, die nicht von uns betrieben werden. Wenn Sie auf einen Link eines Dritten klicken, werden Sie auf die Seite dieses Dritten weitergeleitet. Wir empfehlen Ihnen dringend, die Datenschutzrichtlinien jeder Website, die Sie besuchen, zu lesen.  <\/p>\n\n<p>Wir haben keine Kontrolle \u00fcber und \u00fcbernehmen keine Verantwortung f\u00fcr den Inhalt, die Datenschutzrichtlinien oder die Praktiken von Dritten oder Diensten.<\/p>\n\n<h3 class=\"wp-block-heading\">\u00c4nderungen an diesem Dokument<\/h3>\n\n<p>Wir k\u00f6nnen unsere Datenschutzrichtlinie von Zeit zu Zeit aktualisieren. Wir werden Sie \u00fcber alle \u00c4nderungen informieren, indem wir die neue Datenschutzrichtlinie auf dieser Seite ver\u00f6ffentlichen. <\/p>\n\n<p>Wir werden Sie per E-Mail und\/oder durch einen auff\u00e4lligen Hinweis in unserem Service benachrichtigen, bevor die \u00c4nderungen in Kraft treten, und wir werden das Datum &#8222;Letzte Aktualisierung&#8220; oben in diesem Dokument aktualisieren.<\/p>\n\n<p>Wir empfehlen Ihnen, diese Datenschutzrichtlinie regelm\u00e4\u00dfig auf \u00c4nderungen zu \u00fcberpr\u00fcfen. \u00c4nderungen an diesem Dokument werden wirksam, wenn sie auf dieser Seite ver\u00f6ffentlicht werden. <\/p>\n\n<h3 class=\"wp-block-heading\">Kontaktieren Sie uns<\/h3>\n\n<p>Wenn Sie Fragen zu diesem Dokument haben, k\u00f6nnen Sie uns kontaktieren:<\/p>\n\n<ul class=\"wp-block-list\">\n<li>E-Mail: <a>info@oktoberfest.sk<\/a><\/li>\n<\/ul>\n","protected":false},"excerpt":{"rendered":"<p>Letzte Aktualisierung: 17. August 2024 Dieses Dokument beschreibt unsere Richtlinien und Praktiken in Bezug auf die Erfassung, Verwendung und Weitergabe [&hellip;]<\/p>\n","protected":false},"author":1,"featured_media":0,"parent":0,"menu_order":0,"comment_status":"closed","ping_status":"closed","template":"","meta":{"_acf_changed":false,"site-sidebar-layout":"default","site-content-layout":"","ast-site-content-layout":"default","site-content-style":"default","site-sidebar-style":"default","ast-global-header-display":"","ast-banner-title-visibility":"","ast-main-header-display":"","ast-hfb-above-header-display":"","ast-hfb-below-header-display":"","ast-hfb-mobile-header-display":"","site-post-title":"","ast-breadcrumbs-content":"","ast-featured-img":"","footer-sml-layout":"","ast-disable-related-posts":"","theme-transparent-header-meta":"","adv-header-id-meta":"","stick-header-meta":"","header-above-stick-meta":"","header-main-stick-meta":"","header-below-stick-meta":"","astra-migrate-meta-layouts":"default","ast-page-background-enabled":"default","ast-page-background-meta":{"desktop":{"background-color":"var(--ast-global-color-5)","background-image":"","background-repeat":"repeat","background-position":"center center","background-size":"auto","background-attachment":"scroll","background-type":"","background-media":"","overlay-type":"","overlay-color":"","overlay-opacity":"","overlay-gradient":""},"tablet":{"background-color":"","background-image":"","background-repeat":"repeat","background-position":"center center","background-size":"auto","background-attachment":"scroll","background-type":"","background-media":"","overlay-type":"","overlay-color":"","overlay-opacity":"","overlay-gradient":""},"mobile":{"background-color":"","background-image":"","background-repeat":"repeat","background-position":"center center","background-size":"auto","background-attachment":"scroll","background-type":"","background-media":"","overlay-type":"","overlay-color":"","overlay-opacity":"","overlay-gradient":""}},"ast-content-background-meta":{"desktop":{"background-color":"var(--ast-global-color-4)","background-image":"","background-repeat":"repeat","background-position":"center center","background-size":"auto","background-attachment":"scroll","background-type":"","background-media":"","overlay-type":"","overlay-color":"","overlay-opacity":"","overlay-gradient":""},"tablet":{"background-color":"var(--ast-global-color-4)","background-image":"","background-repeat":"repeat","background-position":"center center","background-size":"auto","background-attachment":"scroll","background-type":"","background-media":"","overlay-type":"","overlay-color":"","overlay-opacity":"","overlay-gradient":""},"mobile":{"background-color":"var(--ast-global-color-4)","background-image":"","background-repeat":"repeat","background-position":"center center","background-size":"auto","background-attachment":"scroll","background-type":"","background-media":"","overlay-type":"","overlay-color":"","overlay-opacity":"","overlay-gradient":""}},"advanced_seo_description":"","jetpack_seo_html_title":"","jetpack_seo_noindex":false,"footnotes":""},"class_list":["post-2749","page","type-page","status-publish","hentry"],"acf":[],"jetpack_sharing_enabled":true,"_links":{"self":[{"href":"https:\/\/oktoberfestrun.sk\/de\/wp-json\/wp\/v2\/pages\/2749","targetHints":{"allow":["GET"]}}],"collection":[{"href":"https:\/\/oktoberfestrun.sk\/de\/wp-json\/wp\/v2\/pages"}],"about":[{"href":"https:\/\/oktoberfestrun.sk\/de\/wp-json\/wp\/v2\/types\/page"}],"author":[{"embeddable":true,"href":"https:\/\/oktoberfestrun.sk\/de\/wp-json\/wp\/v2\/users\/1"}],"replies":[{"embeddable":true,"href":"https:\/\/oktoberfestrun.sk\/de\/wp-json\/wp\/v2\/comments?post=2749"}],"version-history":[{"count":1,"href":"https:\/\/oktoberfestrun.sk\/de\/wp-json\/wp\/v2\/pages\/2749\/revisions"}],"predecessor-version":[{"id":2750,"href":"https:\/\/oktoberfestrun.sk\/de\/wp-json\/wp\/v2\/pages\/2749\/revisions\/2750"}],"wp:attachment":[{"href":"https:\/\/oktoberfestrun.sk\/de\/wp-json\/wp\/v2\/media?parent=2749"}],"curies":[{"name":"wp","href":"https:\/\/api.w.org\/{rel}","templated":true}]}}